{"id":9522,"date":"2020-03-16T10:53:12","date_gmt":"2020-03-16T10:53:12","guid":{"rendered":"http:\/\/blueagle.info\/lp\/"},"modified":"2020-04-14T19:11:36","modified_gmt":"2020-04-14T16:11:36","slug":"ls","status":"publish","type":"page","link":"https:\/\/blueagle.info\/fi\/ls\/","title":{"rendered":"Lasku_sivu"},"content":{"rendered":"<p>[et_pb_section fb_built=&#8221;1&#8243; _builder_version=&#8221;4.4.0&#8243;][\/et_pb_section][et_pb_section fb_built=&#8221;1&#8243; _builder_version=&#8221;4.4.0&#8243;][et_pb_row _builder_version=&#8221;4.4.0&#8243; custom_margin=&#8221;-90px|auto||auto||&#8221;][et_pb_column type=&#8221;4_4&#8243; _builder_version=&#8221;4.4.0&#8243;][et_pb_text _builder_version=&#8221;4.4.0&#8243; text_font=&#8221;Georgia||||||||&#8221; text_text_color=&#8221;#0c71c3&#8243; text_font_size=&#8221;20px&#8221;]<\/p>\n<p style=\"text-align: center;\"><b>Opetusvideo elintarviketeollisuusyritykselle<\/b><\/p>\n<p>[\/et_pb_text][et_pb_text _builder_version=&#8221;4.4.0&#8243; text_font=&#8221;Georgia||||||||&#8221; text_text_color=&#8221;#0c71c3&#8243; text_font_size=&#8221;20px&#8221; header_font=&#8221;Georgia||||||||&#8221; header_text_align=&#8221;center&#8221; header_font_size=&#8221;37px&#8221; header_line_height=&#8221;1.3em&#8221; custom_margin=&#8221;-17px||||false|false&#8221; custom_padding=&#8221;0px||||false|false&#8221; header_text_color_tablet=&#8221;&#8221; header_text_color_phone=&#8221;&#8221; header_text_color_last_edited=&#8221;on|phone&#8221; header_font_size_tablet=&#8221;&#8221; header_font_size_phone=&#8221;28px&#8221; header_font_size_last_edited=&#8221;on|desktop&#8221;]<\/p>\n<h1 style=\"text-align: center;\"><\/h1>\n<h1 style=\"text-align: center;\"><span>&#8220;<\/span><span>Autan sinua s\u00e4\u00e4st\u00e4m\u00e4\u00e4n aikaasi ja rahaasi elintarviketeollisuudessa<\/span><span>&#8220;<\/span><\/h1>\n<p>[\/et_pb_text][\/et_pb_column][\/et_pb_row][et_pb_row column_structure=&#8221;1_2,1_2&#8243; _builder_version=&#8221;4.4.0&#8243;][et_pb_column type=&#8221;1_2&#8243; _builder_version=&#8221;4.4.0&#8243;][et_pb_image src=&#8221;@ET-DC@eyJkeW5hbWljIjp0cnVlLCJjb250ZW50IjoicG9zdF9mZWF0dXJlZF9pbWFnZSIsInNldHRpbmdzIjp7fX0=@&#8221; src_tablet=&#8221;&#8221; src_phone=&#8221;&#8221; src_last_edited=&#8221;on|desktop&#8221; _builder_version=&#8221;4.4.0&#8243; _dynamic_attributes=&#8221;src&#8221;][\/et_pb_image][\/et_pb_column][et_pb_column type=&#8221;1_2&#8243; _builder_version=&#8221;4.4.0&#8243;][et_pb_text _builder_version=&#8221;4.4.0&#8243; text_font=&#8221;Georgia||||||||&#8221; text_font_size=&#8221;16px&#8221;]<\/p>\n<p><span>ILMAINEN opetusvideo kertoo sinulle:<\/span><\/p>\n<p><span>Miksi kest\u00e4\u00e4 kauan aloittaa projekti elintarviketeollisuudessa<\/span><\/p>\n<p><span>Miten huono suunnittelu voi haaskata rahaasi ja tulevaisuudenkasvun<\/span><\/p>\n<p>Miksi monet projektip\u00e4\u00e4llik\u00f6t irtisanotaan<\/p>\n<p>[\/et_pb_text][et_pb_button button_url=&#8221;#optin&#8221; button_text=&#8221;Klikkaamalla t\u00e4st\u00e4 p\u00e4\u00e4set opetusvideoon &#8221; button_alignment=&#8221;center&#8221; module_class=&#8221;fn_Landinpage&#8221; _builder_version=&#8221;4.4.0&#8243; custom_button=&#8221;on&#8221; button_text_size=&#8221;22px&#8221; button_text_color=&#8221;#ffffff&#8221; button_bg_color=&#8221;#0174c7&#8243; button_letter_spacing=&#8221;0px&#8221; button_font=&#8221;Georgia||||||||&#8221; background_layout=&#8221;dark&#8221; hover_enabled=&#8221;0&#8243;][\/et_pb_button][\/et_pb_column][\/et_pb_row][\/et_pb_section]<\/p>\n<span class=\"et_bloom_bottom_trigger\"><\/span>","protected":false},"excerpt":{"rendered":"<p>Opetusvideo elintarviketeollisuusyritykselle &#8220;Autan sinua s\u00e4\u00e4st\u00e4m\u00e4\u00e4n aikaasi ja rahaasi elintarviketeollisuudessa&#8221;ILMAINEN opetusvideo kertoo sinulle: Miksi kest\u00e4\u00e4 kauan aloittaa projekti elintarviketeollisuudessa Miten huono suunnittelu voi haaskata rahaasi ja tulevaisuudenkasvun Miksi monet projektip\u00e4\u00e4llik\u00f6t irtisanotaan<\/p>\n","protected":false},"author":2,"featured_media":4559,"parent":0,"menu_order":0,"comment_status":"closed","ping_status":"closed","template":"","meta":{"_et_pb_use_builder":"on","_et_pb_old_content":"","_et_gb_content_width":"","_monsterinsights_skip_tracking":false,"_monsterinsights_sitenote_active":false,"_monsterinsights_sitenote_note":"","_monsterinsights_sitenote_category":0,"footnotes":""},"class_list":["post-9522","page","type-page","status-publish","has-post-thumbnail","hentry"],"yoast_head":"<!-- This site is optimized with the Yoast SEO plugin v27.4 - https:\/\/yoast.com\/product\/yoast-seo-wordpress\/ -->\n<title>Lasku_sivu - BluEagle<\/title>\n<meta name=\"robots\" content=\"index, follow, max-snippet:-1, max-image-preview:large, max-video-preview:-1\" \/>\n<link rel=\"canonical\" href=\"https:\/\/blueagle.info\/fi\/ls\/\" \/>\n<meta property=\"og:locale\" content=\"fi_FI\" \/>\n<meta property=\"og:type\" content=\"article\" \/>\n<meta property=\"og:title\" content=\"Lasku_sivu - BluEagle\" \/>\n<meta property=\"og:description\" content=\"Opetusvideo elintarviketeollisuusyritykselle &quot;Autan sinua s\u00e4\u00e4st\u00e4m\u00e4\u00e4n aikaasi ja rahaasi elintarviketeollisuudessa&quot;ILMAINEN opetusvideo kertoo sinulle: Miksi kest\u00e4\u00e4 kauan aloittaa projekti elintarviketeollisuudessa Miten huono suunnittelu voi haaskata rahaasi ja tulevaisuudenkasvun Miksi monet projektip\u00e4\u00e4llik\u00f6t irtisanotaan\" \/>\n<meta property=\"og:url\" content=\"https:\/\/blueagle.info\/fi\/ls\/\" \/>\n<meta property=\"og:site_name\" content=\"BluEagle\" \/>\n<meta property=\"article:publisher\" content=\"https:\/\/www.facebook.com\/blueagle.info\/\" \/>\n<meta property=\"article:modified_time\" content=\"2020-04-14T16:11:36+00:00\" \/>\n<meta property=\"og:image\" content=\"https:\/\/blueagle.info\/wp-content\/uploads\/2020\/02\/BluEagle_Digital-Marketing-Strategy.jpg\" \/>\n\t<meta property=\"og:image:width\" content=\"1920\" \/>\n\t<meta property=\"og:image:height\" content=\"1080\" \/>\n\t<meta property=\"og:image:type\" content=\"image\/jpeg\" \/>\n<meta name=\"twitter:card\" content=\"summary_large_image\" \/>\n<meta name=\"twitter:label1\" content=\"Est. reading time\" \/>\n\t<meta name=\"twitter:data1\" content=\"2 minutes\" \/>\n<script type=\"application\/ld+json\" class=\"yoast-schema-graph\">{\"@context\":\"https:\\\/\\\/schema.org\",\"@graph\":[{\"@type\":\"WebPage\",\"@id\":\"https:\\\/\\\/blueagle.info\\\/fi\\\/ls\\\/\",\"url\":\"https:\\\/\\\/blueagle.info\\\/fi\\\/ls\\\/\",\"name\":\"Lasku_sivu - BluEagle\",\"isPartOf\":{\"@id\":\"https:\\\/\\\/blueagle.info\\\/#website\"},\"primaryImageOfPage\":{\"@id\":\"https:\\\/\\\/blueagle.info\\\/fi\\\/ls\\\/#primaryimage\"},\"image\":{\"@id\":\"https:\\\/\\\/blueagle.info\\\/fi\\\/ls\\\/#primaryimage\"},\"thumbnailUrl\":\"https:\\\/\\\/blueagle.info\\\/wp-content\\\/uploads\\\/2020\\\/02\\\/BluEagle_Digital-Marketing-Strategy.jpg\",\"datePublished\":\"2020-03-16T10:53:12+00:00\",\"dateModified\":\"2020-04-14T16:11:36+00:00\",\"breadcrumb\":{\"@id\":\"https:\\\/\\\/blueagle.info\\\/fi\\\/ls\\\/#breadcrumb\"},\"inLanguage\":\"fi\",\"potentialAction\":[{\"@type\":\"ReadAction\",\"target\":[\"https:\\\/\\\/blueagle.info\\\/fi\\\/ls\\\/\"]}]},{\"@type\":\"ImageObject\",\"inLanguage\":\"fi\",\"@id\":\"https:\\\/\\\/blueagle.info\\\/fi\\\/ls\\\/#primaryimage\",\"url\":\"https:\\\/\\\/blueagle.info\\\/wp-content\\\/uploads\\\/2020\\\/02\\\/BluEagle_Digital-Marketing-Strategy.jpg\",\"contentUrl\":\"https:\\\/\\\/blueagle.info\\\/wp-content\\\/uploads\\\/2020\\\/02\\\/BluEagle_Digital-Marketing-Strategy.jpg\",\"width\":1920,\"height\":1080},{\"@type\":\"BreadcrumbList\",\"@id\":\"https:\\\/\\\/blueagle.info\\\/fi\\\/ls\\\/#breadcrumb\",\"itemListElement\":[{\"@type\":\"ListItem\",\"position\":1,\"name\":\"Home\",\"item\":\"https:\\\/\\\/blueagle.info\\\/fi\\\/\"},{\"@type\":\"ListItem\",\"position\":2,\"name\":\"Lasku_sivu\"}]},{\"@type\":\"WebSite\",\"@id\":\"https:\\\/\\\/blueagle.info\\\/#website\",\"url\":\"https:\\\/\\\/blueagle.info\\\/\",\"name\":\"BluEagle\",\"description\":\"Unleash your business potential\",\"publisher\":{\"@id\":\"https:\\\/\\\/blueagle.info\\\/#organization\"},\"potentialAction\":[{\"@type\":\"SearchAction\",\"target\":{\"@type\":\"EntryPoint\",\"urlTemplate\":\"https:\\\/\\\/blueagle.info\\\/?s={search_term_string}\"},\"query-input\":{\"@type\":\"PropertyValueSpecification\",\"valueRequired\":true,\"valueName\":\"search_term_string\"}}],\"inLanguage\":\"fi\"},{\"@type\":\"Organization\",\"@id\":\"https:\\\/\\\/blueagle.info\\\/#organization\",\"name\":\"BluEagle\",\"url\":\"https:\\\/\\\/blueagle.info\\\/\",\"logo\":{\"@type\":\"ImageObject\",\"inLanguage\":\"fi\",\"@id\":\"https:\\\/\\\/blueagle.info\\\/#\\\/schema\\\/logo\\\/image\\\/\",\"url\":\"http:\\\/\\\/blueagle.info\\\/wp-content\\\/uploads\\\/2020\\\/03\\\/BluEagle.png\",\"contentUrl\":\"http:\\\/\\\/blueagle.info\\\/wp-content\\\/uploads\\\/2020\\\/03\\\/BluEagle.png\",\"width\":1775,\"height\":1908,\"caption\":\"BluEagle\"},\"image\":{\"@id\":\"https:\\\/\\\/blueagle.info\\\/#\\\/schema\\\/logo\\\/image\\\/\"},\"sameAs\":[\"https:\\\/\\\/www.facebook.com\\\/blueagle.info\\\/\",\"http:\\\/\\\/www.linkedin.com\\\/in\\\/fareed-shakhatreh\",\"https:\\\/\\\/www.youtube.com\\\/channel\\\/UCws8td-aGcrGV3JIEdE2crw\\\/\"]}]}<\/script>\n<!-- \/ Yoast SEO plugin. -->","yoast_head_json":{"title":"Lasku_sivu - BluEagle","robots":{"index":"index","follow":"follow","max-snippet":"max-snippet:-1","max-image-preview":"max-image-preview:large","max-video-preview":"max-video-preview:-1"},"canonical":"https:\/\/blueagle.info\/fi\/ls\/","og_locale":"fi_FI","og_type":"article","og_title":"Lasku_sivu - BluEagle","og_description":"Opetusvideo elintarviketeollisuusyritykselle \"Autan sinua s\u00e4\u00e4st\u00e4m\u00e4\u00e4n aikaasi ja rahaasi elintarviketeollisuudessa\"ILMAINEN opetusvideo kertoo sinulle: Miksi kest\u00e4\u00e4 kauan aloittaa projekti elintarviketeollisuudessa Miten huono suunnittelu voi haaskata rahaasi ja tulevaisuudenkasvun Miksi monet projektip\u00e4\u00e4llik\u00f6t irtisanotaan","og_url":"https:\/\/blueagle.info\/fi\/ls\/","og_site_name":"BluEagle","article_publisher":"https:\/\/www.facebook.com\/blueagle.info\/","article_modified_time":"2020-04-14T16:11:36+00:00","og_image":[{"width":1920,"height":1080,"url":"https:\/\/blueagle.info\/wp-content\/uploads\/2020\/02\/BluEagle_Digital-Marketing-Strategy.jpg","type":"image\/jpeg"}],"twitter_card":"summary_large_image","twitter_misc":{"Est. reading time":"2 minutes"},"schema":{"@context":"https:\/\/schema.org","@graph":[{"@type":"WebPage","@id":"https:\/\/blueagle.info\/fi\/ls\/","url":"https:\/\/blueagle.info\/fi\/ls\/","name":"Lasku_sivu - BluEagle","isPartOf":{"@id":"https:\/\/blueagle.info\/#website"},"primaryImageOfPage":{"@id":"https:\/\/blueagle.info\/fi\/ls\/#primaryimage"},"image":{"@id":"https:\/\/blueagle.info\/fi\/ls\/#primaryimage"},"thumbnailUrl":"https:\/\/blueagle.info\/wp-content\/uploads\/2020\/02\/BluEagle_Digital-Marketing-Strategy.jpg","datePublished":"2020-03-16T10:53:12+00:00","dateModified":"2020-04-14T16:11:36+00:00","breadcrumb":{"@id":"https:\/\/blueagle.info\/fi\/ls\/#breadcrumb"},"inLanguage":"fi","potentialAction":[{"@type":"ReadAction","target":["https:\/\/blueagle.info\/fi\/ls\/"]}]},{"@type":"ImageObject","inLanguage":"fi","@id":"https:\/\/blueagle.info\/fi\/ls\/#primaryimage","url":"https:\/\/blueagle.info\/wp-content\/uploads\/2020\/02\/BluEagle_Digital-Marketing-Strategy.jpg","contentUrl":"https:\/\/blueagle.info\/wp-content\/uploads\/2020\/02\/BluEagle_Digital-Marketing-Strategy.jpg","width":1920,"height":1080},{"@type":"BreadcrumbList","@id":"https:\/\/blueagle.info\/fi\/ls\/#breadcrumb","itemListElement":[{"@type":"ListItem","position":1,"name":"Home","item":"https:\/\/blueagle.info\/fi\/"},{"@type":"ListItem","position":2,"name":"Lasku_sivu"}]},{"@type":"WebSite","@id":"https:\/\/blueagle.info\/#website","url":"https:\/\/blueagle.info\/","name":"BluEagle","description":"Unleash your business potential","publisher":{"@id":"https:\/\/blueagle.info\/#organization"},"potentialAction":[{"@type":"SearchAction","target":{"@type":"EntryPoint","urlTemplate":"https:\/\/blueagle.info\/?s={search_term_string}"},"query-input":{"@type":"PropertyValueSpecification","valueRequired":true,"valueName":"search_term_string"}}],"inLanguage":"fi"},{"@type":"Organization","@id":"https:\/\/blueagle.info\/#organization","name":"BluEagle","url":"https:\/\/blueagle.info\/","logo":{"@type":"ImageObject","inLanguage":"fi","@id":"https:\/\/blueagle.info\/#\/schema\/logo\/image\/","url":"http:\/\/blueagle.info\/wp-content\/uploads\/2020\/03\/BluEagle.png","contentUrl":"http:\/\/blueagle.info\/wp-content\/uploads\/2020\/03\/BluEagle.png","width":1775,"height":1908,"caption":"BluEagle"},"image":{"@id":"https:\/\/blueagle.info\/#\/schema\/logo\/image\/"},"sameAs":["https:\/\/www.facebook.com\/blueagle.info\/","http:\/\/www.linkedin.com\/in\/fareed-shakhatreh","https:\/\/www.youtube.com\/channel\/UCws8td-aGcrGV3JIEdE2crw\/"]}]}},"_links":{"self":[{"href":"https:\/\/blueagle.info\/fi\/wp-json\/wp\/v2\/pages\/9522","targetHints":{"allow":["GET"]}}],"collection":[{"href":"https:\/\/blueagle.info\/fi\/wp-json\/wp\/v2\/pages"}],"about":[{"href":"https:\/\/blueagle.info\/fi\/wp-json\/wp\/v2\/types\/page"}],"author":[{"embeddable":true,"href":"https:\/\/blueagle.info\/fi\/wp-json\/wp\/v2\/users\/2"}],"replies":[{"embeddable":true,"href":"https:\/\/blueagle.info\/fi\/wp-json\/wp\/v2\/comments?post=9522"}],"version-history":[{"count":7,"href":"https:\/\/blueagle.info\/fi\/wp-json\/wp\/v2\/pages\/9522\/revisions"}],"predecessor-version":[{"id":9539,"href":"https:\/\/blueagle.info\/fi\/wp-json\/wp\/v2\/pages\/9522\/revisions\/9539"}],"wp:featuredmedia":[{"embeddable":true,"href":"https:\/\/blueagle.info\/fi\/wp-json\/wp\/v2\/media\/4559"}],"wp:attachment":[{"href":"https:\/\/blueagle.info\/fi\/wp-json\/wp\/v2\/media?parent=9522"}],"curies":[{"name":"wp","href":"https:\/\/api.w.org\/{rel}","templated":true}]}}