{"id":9425,"date":"2020-03-16T12:38:26","date_gmt":"2020-03-16T12:38:26","guid":{"rendered":"http:\/\/blueagle.info\/success_page\/"},"modified":"2020-04-21T11:36:17","modified_gmt":"2020-04-21T08:36:17","slug":"onnistu","status":"publish","type":"page","link":"https:\/\/blueagle.info\/fi\/onnistu\/","title":{"rendered":"Onnistu"},"content":{"rendered":"<p>[et_pb_section fb_built=&#8221;1&#8243; _builder_version=&#8221;4.4.0&#8243;][et_pb_row _builder_version=&#8221;4.4.0&#8243;][et_pb_column type=&#8221;4_4&#8243; _builder_version=&#8221;4.4.0&#8243;][et_pb_text _builder_version=&#8221;4.4.0&#8243; text_font=&#8221;Georgia||||||||&#8221; text_text_color=&#8221;#000000&#8243; text_font_size=&#8221;45px&#8221; text_letter_spacing=&#8221;2px&#8221; text_line_height=&#8221;1.3em&#8221;]<\/p>\n<p style=\"text-align: center;\">Hienoa! Olet t\u00e4ytt\u00e4nyt lomakkeen ja aika tilannekartoitukseen on varattu<\/p>\n<p>[\/et_pb_text][\/et_pb_column][\/et_pb_row][\/et_pb_section][et_pb_section fb_built=&#8221;1&#8243; _builder_version=&#8221;4.4.0&#8243;][et_pb_row column_structure=&#8221;2_5,3_5&#8243; _builder_version=&#8221;4.4.0&#8243;][et_pb_column type=&#8221;2_5&#8243; _builder_version=&#8221;4.4.0&#8243;][et_pb_image src=&#8221;@ET-DC@eyJkeW5hbWljIjp0cnVlLCJjb250ZW50IjoicG9zdF9mZWF0dXJlZF9pbWFnZSIsInNldHRpbmdzIjp7fX0=@&#8221; _builder_version=&#8221;4.4.0&#8243; _dynamic_attributes=&#8221;src&#8221;][\/et_pb_image][\/et_pb_column][et_pb_column type=&#8221;3_5&#8243; _builder_version=&#8221;4.4.0&#8243;][et_pb_text _builder_version=&#8221;4.4.0&#8243; text_font=&#8221;Georgia||||||||&#8221; text_font_size=&#8221;18px&#8221; text_line_height=&#8221;2.1em&#8221;]<\/p>\n<p>Kiitos, ett\u00e4 varasit ajan tilannekartoitukseen.<\/p>\n<p>Olen l\u00e4hett\u00e4nyt sinulle vahvistuksen soittoajasta s\u00e4hk\u00f6postitse. Laitathan ajan kalenteriisi heti.<\/p>\n<p>Soitan sinulle\u00a0 puhelimitse, tarkalleen varattuna aikana. Valmistaudu puheluun. Jos my\u00f6h\u00e4styt enemm\u00e4n kuin viisi minuuttia, soittoaika peruuntuu.<\/p>\n<p><span style=\"font-size: 18px;\">Odotan, ett\u00e4 p\u00e4\u00e4sen auttamaan yritystoimintasi maksimaalisen tuloksen saavuttamisessa!<\/span><\/p>\n<p>Fareed<\/p>\n<p>[\/et_pb_text][\/et_pb_column][\/et_pb_row][\/et_pb_section]<\/p>\n<span class=\"et_bloom_bottom_trigger\"><\/span>","protected":false},"excerpt":{"rendered":"<p>Hienoa! Olet t\u00e4ytt\u00e4nyt lomakkeen ja aika tilannekartoitukseen on varattuKiitos, ett\u00e4 varasit ajan tilannekartoitukseen. Olen l\u00e4hett\u00e4nyt sinulle vahvistuksen soittoajasta s\u00e4hk\u00f6postitse. Laitathan ajan kalenteriisi heti. Soitan sinulle\u00a0 puhelimitse, tarkalleen varattuna aikana. Valmistaudu puheluun. Jos my\u00f6h\u00e4styt enemm\u00e4n kuin viisi minuuttia, soittoaika peruuntuu. Odotan, ett\u00e4 p\u00e4\u00e4sen auttamaan yritystoimintasi maksimaalisen tuloksen saavuttamisessa! Fareed<\/p>\n","protected":false},"author":2,"featured_media":6489,"parent":0,"menu_order":0,"comment_status":"closed","ping_status":"closed","template":"","meta":{"_et_pb_use_builder":"on","_et_pb_old_content":"","_et_gb_content_width":"","_monsterinsights_skip_tracking":false,"_monsterinsights_sitenote_active":false,"_monsterinsights_sitenote_note":"","_monsterinsights_sitenote_category":0,"footnotes":""},"class_list":["post-9425","page","type-page","status-publish","has-post-thumbnail","hentry"],"yoast_head":"<!-- This site is optimized with the Yoast SEO plugin v27.4 - https:\/\/yoast.com\/product\/yoast-seo-wordpress\/ -->\n<title>Onnistu - BluEagle<\/title>\n<meta name=\"robots\" content=\"index, follow, max-snippet:-1, max-image-preview:large, max-video-preview:-1\" \/>\n<link rel=\"canonical\" href=\"https:\/\/blueagle.info\/fi\/onnistu\/\" \/>\n<meta property=\"og:locale\" content=\"fi_FI\" \/>\n<meta property=\"og:type\" content=\"article\" \/>\n<meta property=\"og:title\" content=\"Onnistu - BluEagle\" \/>\n<meta property=\"og:description\" content=\"Hienoa! Olet t\u00e4ytt\u00e4nyt lomakkeen ja aika tilannekartoitukseen on varattuKiitos, ett\u00e4 varasit ajan tilannekartoitukseen. Olen l\u00e4hett\u00e4nyt sinulle vahvistuksen soittoajasta s\u00e4hk\u00f6postitse. Laitathan ajan kalenteriisi heti. Soitan sinulle\u00a0 puhelimitse, tarkalleen varattuna aikana. Valmistaudu puheluun. Jos my\u00f6h\u00e4styt enemm\u00e4n kuin viisi minuuttia, soittoaika peruuntuu. Odotan, ett\u00e4 p\u00e4\u00e4sen auttamaan yritystoimintasi maksimaalisen tuloksen saavuttamisessa! Fareed\" \/>\n<meta property=\"og:url\" content=\"https:\/\/blueagle.info\/fi\/onnistu\/\" \/>\n<meta property=\"og:site_name\" content=\"BluEagle\" \/>\n<meta property=\"article:publisher\" content=\"https:\/\/www.facebook.com\/blueagle.info\/\" \/>\n<meta property=\"article:modified_time\" content=\"2020-04-21T08:36:17+00:00\" \/>\n<meta property=\"og:image\" content=\"https:\/\/blueagle.info\/wp-content\/uploads\/2020\/03\/Fareed-Shakhatreh_WITHOUT-BACKGROUND.png\" \/>\n\t<meta property=\"og:image:width\" content=\"542\" \/>\n\t<meta property=\"og:image:height\" content=\"541\" \/>\n\t<meta property=\"og:image:type\" content=\"image\/png\" \/>\n<meta name=\"twitter:card\" content=\"summary_large_image\" \/>\n<meta name=\"twitter:label1\" content=\"Est. reading time\" \/>\n\t<meta name=\"twitter:data1\" content=\"1 minute\" \/>\n<script type=\"application\/ld+json\" class=\"yoast-schema-graph\">{\"@context\":\"https:\\\/\\\/schema.org\",\"@graph\":[{\"@type\":\"WebPage\",\"@id\":\"https:\\\/\\\/blueagle.info\\\/fi\\\/onnistu\\\/\",\"url\":\"https:\\\/\\\/blueagle.info\\\/fi\\\/onnistu\\\/\",\"name\":\"Onnistu - BluEagle\",\"isPartOf\":{\"@id\":\"https:\\\/\\\/blueagle.info\\\/#website\"},\"primaryImageOfPage\":{\"@id\":\"https:\\\/\\\/blueagle.info\\\/fi\\\/onnistu\\\/#primaryimage\"},\"image\":{\"@id\":\"https:\\\/\\\/blueagle.info\\\/fi\\\/onnistu\\\/#primaryimage\"},\"thumbnailUrl\":\"https:\\\/\\\/blueagle.info\\\/wp-content\\\/uploads\\\/2020\\\/03\\\/Fareed-Shakhatreh_WITHOUT-BACKGROUND.png\",\"datePublished\":\"2020-03-16T12:38:26+00:00\",\"dateModified\":\"2020-04-21T08:36:17+00:00\",\"breadcrumb\":{\"@id\":\"https:\\\/\\\/blueagle.info\\\/fi\\\/onnistu\\\/#breadcrumb\"},\"inLanguage\":\"fi\",\"potentialAction\":[{\"@type\":\"ReadAction\",\"target\":[\"https:\\\/\\\/blueagle.info\\\/fi\\\/onnistu\\\/\"]}]},{\"@type\":\"ImageObject\",\"inLanguage\":\"fi\",\"@id\":\"https:\\\/\\\/blueagle.info\\\/fi\\\/onnistu\\\/#primaryimage\",\"url\":\"https:\\\/\\\/blueagle.info\\\/wp-content\\\/uploads\\\/2020\\\/03\\\/Fareed-Shakhatreh_WITHOUT-BACKGROUND.png\",\"contentUrl\":\"https:\\\/\\\/blueagle.info\\\/wp-content\\\/uploads\\\/2020\\\/03\\\/Fareed-Shakhatreh_WITHOUT-BACKGROUND.png\",\"width\":542,\"height\":541},{\"@type\":\"BreadcrumbList\",\"@id\":\"https:\\\/\\\/blueagle.info\\\/fi\\\/onnistu\\\/#breadcrumb\",\"itemListElement\":[{\"@type\":\"ListItem\",\"position\":1,\"name\":\"Home\",\"item\":\"https:\\\/\\\/blueagle.info\\\/fi\\\/\"},{\"@type\":\"ListItem\",\"position\":2,\"name\":\"Onnistu\"}]},{\"@type\":\"WebSite\",\"@id\":\"https:\\\/\\\/blueagle.info\\\/#website\",\"url\":\"https:\\\/\\\/blueagle.info\\\/\",\"name\":\"BluEagle\",\"description\":\"Unleash your business potential\",\"publisher\":{\"@id\":\"https:\\\/\\\/blueagle.info\\\/#organization\"},\"potentialAction\":[{\"@type\":\"SearchAction\",\"target\":{\"@type\":\"EntryPoint\",\"urlTemplate\":\"https:\\\/\\\/blueagle.info\\\/?s={search_term_string}\"},\"query-input\":{\"@type\":\"PropertyValueSpecification\",\"valueRequired\":true,\"valueName\":\"search_term_string\"}}],\"inLanguage\":\"fi\"},{\"@type\":\"Organization\",\"@id\":\"https:\\\/\\\/blueagle.info\\\/#organization\",\"name\":\"BluEagle\",\"url\":\"https:\\\/\\\/blueagle.info\\\/\",\"logo\":{\"@type\":\"ImageObject\",\"inLanguage\":\"fi\",\"@id\":\"https:\\\/\\\/blueagle.info\\\/#\\\/schema\\\/logo\\\/image\\\/\",\"url\":\"http:\\\/\\\/blueagle.info\\\/wp-content\\\/uploads\\\/2020\\\/03\\\/BluEagle.png\",\"contentUrl\":\"http:\\\/\\\/blueagle.info\\\/wp-content\\\/uploads\\\/2020\\\/03\\\/BluEagle.png\",\"width\":1775,\"height\":1908,\"caption\":\"BluEagle\"},\"image\":{\"@id\":\"https:\\\/\\\/blueagle.info\\\/#\\\/schema\\\/logo\\\/image\\\/\"},\"sameAs\":[\"https:\\\/\\\/www.facebook.com\\\/blueagle.info\\\/\",\"http:\\\/\\\/www.linkedin.com\\\/in\\\/fareed-shakhatreh\",\"https:\\\/\\\/www.youtube.com\\\/channel\\\/UCws8td-aGcrGV3JIEdE2crw\\\/\"]}]}<\/script>\n<!-- \/ Yoast SEO plugin. -->","yoast_head_json":{"title":"Onnistu - BluEagle","robots":{"index":"index","follow":"follow","max-snippet":"max-snippet:-1","max-image-preview":"max-image-preview:large","max-video-preview":"max-video-preview:-1"},"canonical":"https:\/\/blueagle.info\/fi\/onnistu\/","og_locale":"fi_FI","og_type":"article","og_title":"Onnistu - BluEagle","og_description":"Hienoa! Olet t\u00e4ytt\u00e4nyt lomakkeen ja aika tilannekartoitukseen on varattuKiitos, ett\u00e4 varasit ajan tilannekartoitukseen. Olen l\u00e4hett\u00e4nyt sinulle vahvistuksen soittoajasta s\u00e4hk\u00f6postitse. Laitathan ajan kalenteriisi heti. Soitan sinulle\u00a0 puhelimitse, tarkalleen varattuna aikana. Valmistaudu puheluun. Jos my\u00f6h\u00e4styt enemm\u00e4n kuin viisi minuuttia, soittoaika peruuntuu. Odotan, ett\u00e4 p\u00e4\u00e4sen auttamaan yritystoimintasi maksimaalisen tuloksen saavuttamisessa! Fareed","og_url":"https:\/\/blueagle.info\/fi\/onnistu\/","og_site_name":"BluEagle","article_publisher":"https:\/\/www.facebook.com\/blueagle.info\/","article_modified_time":"2020-04-21T08:36:17+00:00","og_image":[{"width":542,"height":541,"url":"https:\/\/blueagle.info\/wp-content\/uploads\/2020\/03\/Fareed-Shakhatreh_WITHOUT-BACKGROUND.png","type":"image\/png"}],"twitter_card":"summary_large_image","twitter_misc":{"Est. reading time":"1 minute"},"schema":{"@context":"https:\/\/schema.org","@graph":[{"@type":"WebPage","@id":"https:\/\/blueagle.info\/fi\/onnistu\/","url":"https:\/\/blueagle.info\/fi\/onnistu\/","name":"Onnistu - BluEagle","isPartOf":{"@id":"https:\/\/blueagle.info\/#website"},"primaryImageOfPage":{"@id":"https:\/\/blueagle.info\/fi\/onnistu\/#primaryimage"},"image":{"@id":"https:\/\/blueagle.info\/fi\/onnistu\/#primaryimage"},"thumbnailUrl":"https:\/\/blueagle.info\/wp-content\/uploads\/2020\/03\/Fareed-Shakhatreh_WITHOUT-BACKGROUND.png","datePublished":"2020-03-16T12:38:26+00:00","dateModified":"2020-04-21T08:36:17+00:00","breadcrumb":{"@id":"https:\/\/blueagle.info\/fi\/onnistu\/#breadcrumb"},"inLanguage":"fi","potentialAction":[{"@type":"ReadAction","target":["https:\/\/blueagle.info\/fi\/onnistu\/"]}]},{"@type":"ImageObject","inLanguage":"fi","@id":"https:\/\/blueagle.info\/fi\/onnistu\/#primaryimage","url":"https:\/\/blueagle.info\/wp-content\/uploads\/2020\/03\/Fareed-Shakhatreh_WITHOUT-BACKGROUND.png","contentUrl":"https:\/\/blueagle.info\/wp-content\/uploads\/2020\/03\/Fareed-Shakhatreh_WITHOUT-BACKGROUND.png","width":542,"height":541},{"@type":"BreadcrumbList","@id":"https:\/\/blueagle.info\/fi\/onnistu\/#breadcrumb","itemListElement":[{"@type":"ListItem","position":1,"name":"Home","item":"https:\/\/blueagle.info\/fi\/"},{"@type":"ListItem","position":2,"name":"Onnistu"}]},{"@type":"WebSite","@id":"https:\/\/blueagle.info\/#website","url":"https:\/\/blueagle.info\/","name":"BluEagle","description":"Unleash your business potential","publisher":{"@id":"https:\/\/blueagle.info\/#organization"},"potentialAction":[{"@type":"SearchAction","target":{"@type":"EntryPoint","urlTemplate":"https:\/\/blueagle.info\/?s={search_term_string}"},"query-input":{"@type":"PropertyValueSpecification","valueRequired":true,"valueName":"search_term_string"}}],"inLanguage":"fi"},{"@type":"Organization","@id":"https:\/\/blueagle.info\/#organization","name":"BluEagle","url":"https:\/\/blueagle.info\/","logo":{"@type":"ImageObject","inLanguage":"fi","@id":"https:\/\/blueagle.info\/#\/schema\/logo\/image\/","url":"http:\/\/blueagle.info\/wp-content\/uploads\/2020\/03\/BluEagle.png","contentUrl":"http:\/\/blueagle.info\/wp-content\/uploads\/2020\/03\/BluEagle.png","width":1775,"height":1908,"caption":"BluEagle"},"image":{"@id":"https:\/\/blueagle.info\/#\/schema\/logo\/image\/"},"sameAs":["https:\/\/www.facebook.com\/blueagle.info\/","http:\/\/www.linkedin.com\/in\/fareed-shakhatreh","https:\/\/www.youtube.com\/channel\/UCws8td-aGcrGV3JIEdE2crw\/"]}]}},"_links":{"self":[{"href":"https:\/\/blueagle.info\/fi\/wp-json\/wp\/v2\/pages\/9425","targetHints":{"allow":["GET"]}}],"collection":[{"href":"https:\/\/blueagle.info\/fi\/wp-json\/wp\/v2\/pages"}],"about":[{"href":"https:\/\/blueagle.info\/fi\/wp-json\/wp\/v2\/types\/page"}],"author":[{"embeddable":true,"href":"https:\/\/blueagle.info\/fi\/wp-json\/wp\/v2\/users\/2"}],"replies":[{"embeddable":true,"href":"https:\/\/blueagle.info\/fi\/wp-json\/wp\/v2\/comments?post=9425"}],"version-history":[{"count":5,"href":"https:\/\/blueagle.info\/fi\/wp-json\/wp\/v2\/pages\/9425\/revisions"}],"predecessor-version":[{"id":9615,"href":"https:\/\/blueagle.info\/fi\/wp-json\/wp\/v2\/pages\/9425\/revisions\/9615"}],"wp:featuredmedia":[{"embeddable":true,"href":"https:\/\/blueagle.info\/fi\/wp-json\/wp\/v2\/media\/6489"}],"wp:attachment":[{"href":"https:\/\/blueagle.info\/fi\/wp-json\/wp\/v2\/media?parent=9425"}],"curies":[{"name":"wp","href":"https:\/\/api.w.org\/{rel}","templated":true}]}}