{"id":9420,"date":"2020-03-16T12:11:12","date_gmt":"2020-03-16T12:11:12","guid":{"rendered":"http:\/\/blueagle.info\/survey_page\/"},"modified":"2020-04-15T09:34:46","modified_gmt":"2020-04-15T06:34:46","slug":"tarjous-lomake","status":"publish","type":"page","link":"https:\/\/blueagle.info\/fi\/tarjous-lomake\/","title":{"rendered":"Tarjous lomake"},"content":{"rendered":"<p>[et_pb_section fb_built=&#8221;1&#8243; _builder_version=&#8221;4.4.0&#8243;][et_pb_row column_structure=&#8221;1_5,3_5,1_5&#8243; _builder_version=&#8221;4.4.0&#8243; custom_margin=&#8221;-50px||||false|false&#8221; custom_padding=&#8221;0px||||false|false&#8221;][et_pb_column type=&#8221;1_5&#8243; _builder_version=&#8221;4.4.0&#8243;][\/et_pb_column][et_pb_column type=&#8221;3_5&#8243; _builder_version=&#8221;4.4.0&#8243;][et_pb_text _builder_version=&#8221;4.4.0&#8243; text_font=&#8221;Georgia||||||||&#8221; text_font_size=&#8221;28px&#8221; text_line_height=&#8221;1.8em&#8221; text_orientation=&#8221;center&#8221;]<\/p>\n<p style=\"text-align: center;\">Vaihe 2\/2: Ole hyv\u00e4 ja t\u00e4yt\u00e4 t\u00e4m\u00e4 pikakysely varataksesi ajan ilmaista kehityssuunnitelmaa varten<\/p>\n<p>[\/et_pb_text][et_pb_text _builder_version=&#8221;4.4.0&#8243; text_font=&#8221;Georgia||||||||&#8221; text_font_size=&#8221;18px&#8221; text_line_height=&#8221;1.8em&#8221; header_line_height=&#8221;1.2em&#8221;]<\/p>\n<p>T\u00e4yt\u00e4 alla oleva lomake, jotta voimme valmistautua konsultointia varten. Jos emme saa sinulta t\u00e4ytetty\u00e4 lomaketta, aikavarauksesi peruutetaan.<\/p>\n<p>[\/et_pb_text][\/et_pb_column][et_pb_column type=&#8221;1_5&#8243; _builder_version=&#8221;4.4.0&#8243;][\/et_pb_column][\/et_pb_row][et_pb_row column_structure=&#8221;1_3,2_3&#8243; _builder_version=&#8221;4.4.0&#8243;][et_pb_column type=&#8221;1_3&#8243; _builder_version=&#8221;4.4.0&#8243;][et_pb_image src=&#8221;http:\/\/blueagle.info\/wp-content\/uploads\/2020\/03\/Fareed-Shakhatreh_WITHOUT-BACKGROUND.png&#8221; _builder_version=&#8221;4.4.0&#8243;][\/et_pb_image][\/et_pb_column][et_pb_column type=&#8221;2_3&#8243; _builder_version=&#8221;4.4.0&#8243;][et_pb_code _builder_version=&#8221;4.4.0&#8243; hover_enabled=&#8221;0&#8243;]<\/p>\n<div class=\"_form_8\"><\/div>\n<p><script src=\"https:\/\/consultingeagle.activehosted.com\/f\/embed.php?id=8\" type=\"text\/javascript\" charset=\"utf-8\"><\/script>[\/et_pb_code][\/et_pb_column][\/et_pb_row][\/et_pb_section]<\/p>\n<span class=\"et_bloom_bottom_trigger\"><\/span>","protected":false},"excerpt":{"rendered":"<p>Vaihe 2\/2: Ole hyv\u00e4 ja t\u00e4yt\u00e4 t\u00e4m\u00e4 pikakysely varataksesi ajan ilmaista kehityssuunnitelmaa vartenT\u00e4yt\u00e4 alla oleva lomake, jotta voimme valmistautua konsultointia varten. Jos emme saa sinulta t\u00e4ytetty\u00e4 lomaketta, aikavarauksesi peruutetaan.<\/p>\n","protected":false},"author":2,"featured_media":0,"parent":0,"menu_order":0,"comment_status":"closed","ping_status":"closed","template":"","meta":{"_et_pb_use_builder":"on","_et_pb_old_content":"","_et_gb_content_width":"","_monsterinsights_skip_tracking":false,"_monsterinsights_sitenote_active":false,"_monsterinsights_sitenote_note":"","_monsterinsights_sitenote_category":0,"footnotes":""},"class_list":["post-9420","page","type-page","status-publish","hentry"],"yoast_head":"<!-- This site is optimized with the Yoast SEO plugin v27.4 - https:\/\/yoast.com\/product\/yoast-seo-wordpress\/ -->\n<title>Tarjous lomake - BluEagle<\/title>\n<meta name=\"robots\" content=\"index, follow, max-snippet:-1, max-image-preview:large, max-video-preview:-1\" \/>\n<link rel=\"canonical\" href=\"https:\/\/blueagle.info\/fi\/tarjous-lomake\/\" \/>\n<meta property=\"og:locale\" content=\"fi_FI\" \/>\n<meta property=\"og:type\" content=\"article\" \/>\n<meta property=\"og:title\" content=\"Tarjous lomake - BluEagle\" \/>\n<meta property=\"og:description\" content=\"Vaihe 2\/2: Ole hyv\u00e4 ja t\u00e4yt\u00e4 t\u00e4m\u00e4 pikakysely varataksesi ajan ilmaista kehityssuunnitelmaa vartenT\u00e4yt\u00e4 alla oleva lomake, jotta voimme valmistautua konsultointia varten. Jos emme saa sinulta t\u00e4ytetty\u00e4 lomaketta, aikavarauksesi peruutetaan.\" \/>\n<meta property=\"og:url\" content=\"https:\/\/blueagle.info\/fi\/tarjous-lomake\/\" \/>\n<meta property=\"og:site_name\" content=\"BluEagle\" \/>\n<meta property=\"article:publisher\" content=\"https:\/\/www.facebook.com\/blueagle.info\/\" \/>\n<meta property=\"article:modified_time\" content=\"2020-04-15T06:34:46+00:00\" \/>\n<meta name=\"twitter:card\" content=\"summary_large_image\" \/>\n<meta name=\"twitter:label1\" content=\"Est. reading time\" \/>\n\t<meta name=\"twitter:data1\" content=\"1 minute\" \/>\n<script type=\"application\/ld+json\" class=\"yoast-schema-graph\">{\"@context\":\"https:\\\/\\\/schema.org\",\"@graph\":[{\"@type\":\"WebPage\",\"@id\":\"https:\\\/\\\/blueagle.info\\\/fi\\\/tarjous-lomake\\\/\",\"url\":\"https:\\\/\\\/blueagle.info\\\/fi\\\/tarjous-lomake\\\/\",\"name\":\"Tarjous lomake - BluEagle\",\"isPartOf\":{\"@id\":\"https:\\\/\\\/blueagle.info\\\/#website\"},\"datePublished\":\"2020-03-16T12:11:12+00:00\",\"dateModified\":\"2020-04-15T06:34:46+00:00\",\"breadcrumb\":{\"@id\":\"https:\\\/\\\/blueagle.info\\\/fi\\\/tarjous-lomake\\\/#breadcrumb\"},\"inLanguage\":\"fi\",\"potentialAction\":[{\"@type\":\"ReadAction\",\"target\":[\"https:\\\/\\\/blueagle.info\\\/fi\\\/tarjous-lomake\\\/\"]}]},{\"@type\":\"BreadcrumbList\",\"@id\":\"https:\\\/\\\/blueagle.info\\\/fi\\\/tarjous-lomake\\\/#breadcrumb\",\"itemListElement\":[{\"@type\":\"ListItem\",\"position\":1,\"name\":\"Home\",\"item\":\"https:\\\/\\\/blueagle.info\\\/fi\\\/\"},{\"@type\":\"ListItem\",\"position\":2,\"name\":\"Tarjous lomake\"}]},{\"@type\":\"WebSite\",\"@id\":\"https:\\\/\\\/blueagle.info\\\/#website\",\"url\":\"https:\\\/\\\/blueagle.info\\\/\",\"name\":\"BluEagle\",\"description\":\"Unleash your business potential\",\"publisher\":{\"@id\":\"https:\\\/\\\/blueagle.info\\\/#organization\"},\"potentialAction\":[{\"@type\":\"SearchAction\",\"target\":{\"@type\":\"EntryPoint\",\"urlTemplate\":\"https:\\\/\\\/blueagle.info\\\/?s={search_term_string}\"},\"query-input\":{\"@type\":\"PropertyValueSpecification\",\"valueRequired\":true,\"valueName\":\"search_term_string\"}}],\"inLanguage\":\"fi\"},{\"@type\":\"Organization\",\"@id\":\"https:\\\/\\\/blueagle.info\\\/#organization\",\"name\":\"BluEagle\",\"url\":\"https:\\\/\\\/blueagle.info\\\/\",\"logo\":{\"@type\":\"ImageObject\",\"inLanguage\":\"fi\",\"@id\":\"https:\\\/\\\/blueagle.info\\\/#\\\/schema\\\/logo\\\/image\\\/\",\"url\":\"http:\\\/\\\/blueagle.info\\\/wp-content\\\/uploads\\\/2020\\\/03\\\/BluEagle.png\",\"contentUrl\":\"http:\\\/\\\/blueagle.info\\\/wp-content\\\/uploads\\\/2020\\\/03\\\/BluEagle.png\",\"width\":1775,\"height\":1908,\"caption\":\"BluEagle\"},\"image\":{\"@id\":\"https:\\\/\\\/blueagle.info\\\/#\\\/schema\\\/logo\\\/image\\\/\"},\"sameAs\":[\"https:\\\/\\\/www.facebook.com\\\/blueagle.info\\\/\",\"http:\\\/\\\/www.linkedin.com\\\/in\\\/fareed-shakhatreh\",\"https:\\\/\\\/www.youtube.com\\\/channel\\\/UCws8td-aGcrGV3JIEdE2crw\\\/\"]}]}<\/script>\n<!-- \/ Yoast SEO plugin. -->","yoast_head_json":{"title":"Tarjous lomake - BluEagle","robots":{"index":"index","follow":"follow","max-snippet":"max-snippet:-1","max-image-preview":"max-image-preview:large","max-video-preview":"max-video-preview:-1"},"canonical":"https:\/\/blueagle.info\/fi\/tarjous-lomake\/","og_locale":"fi_FI","og_type":"article","og_title":"Tarjous lomake - BluEagle","og_description":"Vaihe 2\/2: Ole hyv\u00e4 ja t\u00e4yt\u00e4 t\u00e4m\u00e4 pikakysely varataksesi ajan ilmaista kehityssuunnitelmaa vartenT\u00e4yt\u00e4 alla oleva lomake, jotta voimme valmistautua konsultointia varten. Jos emme saa sinulta t\u00e4ytetty\u00e4 lomaketta, aikavarauksesi peruutetaan.","og_url":"https:\/\/blueagle.info\/fi\/tarjous-lomake\/","og_site_name":"BluEagle","article_publisher":"https:\/\/www.facebook.com\/blueagle.info\/","article_modified_time":"2020-04-15T06:34:46+00:00","twitter_card":"summary_large_image","twitter_misc":{"Est. reading time":"1 minute"},"schema":{"@context":"https:\/\/schema.org","@graph":[{"@type":"WebPage","@id":"https:\/\/blueagle.info\/fi\/tarjous-lomake\/","url":"https:\/\/blueagle.info\/fi\/tarjous-lomake\/","name":"Tarjous lomake - BluEagle","isPartOf":{"@id":"https:\/\/blueagle.info\/#website"},"datePublished":"2020-03-16T12:11:12+00:00","dateModified":"2020-04-15T06:34:46+00:00","breadcrumb":{"@id":"https:\/\/blueagle.info\/fi\/tarjous-lomake\/#breadcrumb"},"inLanguage":"fi","potentialAction":[{"@type":"ReadAction","target":["https:\/\/blueagle.info\/fi\/tarjous-lomake\/"]}]},{"@type":"BreadcrumbList","@id":"https:\/\/blueagle.info\/fi\/tarjous-lomake\/#breadcrumb","itemListElement":[{"@type":"ListItem","position":1,"name":"Home","item":"https:\/\/blueagle.info\/fi\/"},{"@type":"ListItem","position":2,"name":"Tarjous lomake"}]},{"@type":"WebSite","@id":"https:\/\/blueagle.info\/#website","url":"https:\/\/blueagle.info\/","name":"BluEagle","description":"Unleash your business potential","publisher":{"@id":"https:\/\/blueagle.info\/#organization"},"potentialAction":[{"@type":"SearchAction","target":{"@type":"EntryPoint","urlTemplate":"https:\/\/blueagle.info\/?s={search_term_string}"},"query-input":{"@type":"PropertyValueSpecification","valueRequired":true,"valueName":"search_term_string"}}],"inLanguage":"fi"},{"@type":"Organization","@id":"https:\/\/blueagle.info\/#organization","name":"BluEagle","url":"https:\/\/blueagle.info\/","logo":{"@type":"ImageObject","inLanguage":"fi","@id":"https:\/\/blueagle.info\/#\/schema\/logo\/image\/","url":"http:\/\/blueagle.info\/wp-content\/uploads\/2020\/03\/BluEagle.png","contentUrl":"http:\/\/blueagle.info\/wp-content\/uploads\/2020\/03\/BluEagle.png","width":1775,"height":1908,"caption":"BluEagle"},"image":{"@id":"https:\/\/blueagle.info\/#\/schema\/logo\/image\/"},"sameAs":["https:\/\/www.facebook.com\/blueagle.info\/","http:\/\/www.linkedin.com\/in\/fareed-shakhatreh","https:\/\/www.youtube.com\/channel\/UCws8td-aGcrGV3JIEdE2crw\/"]}]}},"_links":{"self":[{"href":"https:\/\/blueagle.info\/fi\/wp-json\/wp\/v2\/pages\/9420","targetHints":{"allow":["GET"]}}],"collection":[{"href":"https:\/\/blueagle.info\/fi\/wp-json\/wp\/v2\/pages"}],"about":[{"href":"https:\/\/blueagle.info\/fi\/wp-json\/wp\/v2\/types\/page"}],"author":[{"embeddable":true,"href":"https:\/\/blueagle.info\/fi\/wp-json\/wp\/v2\/users\/2"}],"replies":[{"embeddable":true,"href":"https:\/\/blueagle.info\/fi\/wp-json\/wp\/v2\/comments?post=9420"}],"version-history":[{"count":9,"href":"https:\/\/blueagle.info\/fi\/wp-json\/wp\/v2\/pages\/9420\/revisions"}],"predecessor-version":[{"id":9446,"href":"https:\/\/blueagle.info\/fi\/wp-json\/wp\/v2\/pages\/9420\/revisions\/9446"}],"wp:attachment":[{"href":"https:\/\/blueagle.info\/fi\/wp-json\/wp\/v2\/media?parent=9420"}],"curies":[{"name":"wp","href":"https:\/\/api.w.org\/{rel}","templated":true}]}}