{"id":8977,"date":"2020-03-16T11:46:21","date_gmt":"2020-03-16T11:46:21","guid":{"rendered":"http:\/\/blueagle.info\/value_video\/"},"modified":"2020-03-26T11:52:17","modified_gmt":"2020-03-26T09:52:17","slug":"arvo_video","status":"publish","type":"page","link":"https:\/\/blueagle.info\/fi\/arvo_video\/","title":{"rendered":"Arvo_Video"},"content":{"rendered":"<p>[et_pb_section fb_built=&#8221;1&#8243; _builder_version=&#8221;4.4.0&#8243;][et_pb_row _builder_version=&#8221;4.4.0&#8243;][et_pb_column type=&#8221;4_4&#8243; _builder_version=&#8221;4.4.0&#8243;][et_pb_text _builder_version=&#8221;4.4.0&#8243; text_text_color=&#8221;#df0000&#8243; text_font_size=&#8221;28px&#8221; text_line_height=&#8221;1.4em&#8221;]<\/p>\n<p style=\"text-align: center;\"><b>Katso koko videoni nyt tai varaa tapaaminen alla olevasta linkist\u00e4<\/b><\/p>\n<p>[\/et_pb_text][\/et_pb_column][\/et_pb_row][et_pb_row _builder_version=&#8221;4.4.0&#8243;][et_pb_column type=&#8221;4_4&#8243; _builder_version=&#8221;4.4.0&#8243;][et_pb_code _builder_version=&#8221;4.4.0&#8243;]<iframe width=\"560\" height=\"315\" src=\"https:\/\/www.youtube.com\/embed\/ue-OeTS9PIE\" frameborder=\"0\" allow=\"accelerometer; autoplay; encrypted-media; gyroscope; picture-in-picture\" allowfullscreen><\/iframe>[\/et_pb_code][\/et_pb_column][\/et_pb_row][et_pb_row _builder_version=&#8221;4.4.0&#8243;][et_pb_column type=&#8221;4_4&#8243; _builder_version=&#8221;4.4.0&#8243;][et_pb_text _builder_version=&#8221;4.4.0&#8243; text_text_color=&#8221;#df0000&#8243; text_font_size=&#8221;28px&#8221;]<\/p>\n<p style=\"text-align: center;\"><b>Varaa strategiatapaaminen kalenterista<\/b><\/p>\n<p>[\/et_pb_text][\/et_pb_column][\/et_pb_row][et_pb_row column_structure=&#8221;1_5,3_5,1_5&#8243; _builder_version=&#8221;4.4.0&#8243;][et_pb_column type=&#8221;1_5&#8243; _builder_version=&#8221;4.4.0&#8243;][\/et_pb_column][et_pb_column type=&#8221;3_5&#8243; _builder_version=&#8221;4.4.0&#8243;][et_pb_text _builder_version=&#8221;4.4.0&#8243; text_font=&#8221;Georgia||||||||&#8221; text_font_size=&#8221;18px&#8221; ul_text_align=&#8221;center&#8221; ul_font_size=&#8221;18px&#8221;]<\/p>\n<p style=\"text-align: center;\"><span>Nyt, kun olet katsonut koko yll\u00e4 olevan videon ja sinusta tuntuu, ett\u00e4 olet valmis ottamaan seuraavan askeleen ja siirtym\u00e4\u00e4n nopeasti eteenp\u00e4in yritystoiminnassasi, varaa aika kalenterista\u00a0klikkaamalla alla olevaa linkki\u00e4 niin katsotaan, kuinka voin auttaa yrityst\u00e4si\u00a0<\/span><\/p>\n<p>[\/et_pb_text][\/et_pb_column][et_pb_column type=&#8221;1_5&#8243; _builder_version=&#8221;4.4.0&#8243;][\/et_pb_column][\/et_pb_row][et_pb_row column_structure=&#8221;1_5,3_5,1_5&#8243; _builder_version=&#8221;4.4.0&#8243;][et_pb_column type=&#8221;1_5&#8243; _builder_version=&#8221;4.4.0&#8243;][\/et_pb_column][et_pb_column type=&#8221;3_5&#8243; _builder_version=&#8221;4.4.0&#8243;][et_pb_button button_url=&#8221;http:\/\/blueagle.info\/fi\/varaa_aika\/&#8221; button_text=&#8221;Varaa aika kalenterista&#8221; button_alignment=&#8221;center&#8221; _builder_version=&#8221;4.4.0&#8243; custom_button=&#8221;on&#8221; button_text_size=&#8221;22px&#8221; button_bg_color=&#8221;#0174c7&#8243; button_border_width=&#8221;10px&#8221; button_border_color=&#8221;#ffffff&#8221; button_border_radius=&#8221;9px&#8221; button_letter_spacing=&#8221;3px&#8221; button_font=&#8221;Georgia||||||||&#8221; button_icon=&#8221;%%24%%&#8221; background_layout=&#8221;dark&#8221;][\/et_pb_button][\/et_pb_column][et_pb_column type=&#8221;1_5&#8243; _builder_version=&#8221;4.4.0&#8243;][\/et_pb_column][\/et_pb_row][\/et_pb_section]<\/p>\n<span class=\"et_bloom_bottom_trigger\"><\/span>","protected":false},"excerpt":{"rendered":"<p>Katso koko videoni nyt tai varaa tapaaminen alla olevasta linkist\u00e4Varaa strategiatapaaminen kalenteristaNyt, kun olet katsonut koko yll\u00e4 olevan videon ja sinusta tuntuu, ett\u00e4 olet valmis ottamaan seuraavan askeleen ja siirtym\u00e4\u00e4n nopeasti eteenp\u00e4in yritystoiminnassasi, varaa aika kalenterista\u00a0klikkaamalla alla olevaa linkki\u00e4 niin katsotaan, kuinka voin auttaa yrityst\u00e4si\u00a0<\/p>\n","protected":false},"author":2,"featured_media":0,"parent":0,"menu_order":0,"comment_status":"closed","ping_status":"closed","template":"","meta":{"_et_pb_use_builder":"on","_et_pb_old_content":"","_et_gb_content_width":"","_monsterinsights_skip_tracking":false,"_monsterinsights_sitenote_active":false,"_monsterinsights_sitenote_note":"","_monsterinsights_sitenote_category":0,"footnotes":""},"class_list":["post-8977","page","type-page","status-publish","hentry"],"yoast_head":"<!-- This site is optimized with the Yoast SEO plugin v27.4 - https:\/\/yoast.com\/product\/yoast-seo-wordpress\/ -->\n<title>Arvo_Video - BluEagle<\/title>\n<meta name=\"robots\" content=\"index, follow, max-snippet:-1, max-image-preview:large, max-video-preview:-1\" \/>\n<link rel=\"canonical\" href=\"https:\/\/blueagle.info\/fi\/arvo_video\/\" \/>\n<meta property=\"og:locale\" content=\"fi_FI\" \/>\n<meta property=\"og:type\" content=\"article\" \/>\n<meta property=\"og:title\" content=\"Arvo_Video - BluEagle\" \/>\n<meta property=\"og:description\" content=\"Katso koko videoni nyt tai varaa tapaaminen alla olevasta linkist\u00e4Varaa strategiatapaaminen kalenteristaNyt, kun olet katsonut koko yll\u00e4 olevan videon ja sinusta tuntuu, ett\u00e4 olet valmis ottamaan seuraavan askeleen ja siirtym\u00e4\u00e4n nopeasti eteenp\u00e4in yritystoiminnassasi, varaa aika kalenterista\u00a0klikkaamalla alla olevaa linkki\u00e4 niin katsotaan, kuinka voin auttaa yrityst\u00e4si\u00a0\" \/>\n<meta property=\"og:url\" content=\"https:\/\/blueagle.info\/fi\/arvo_video\/\" \/>\n<meta property=\"og:site_name\" content=\"BluEagle\" \/>\n<meta property=\"article:publisher\" content=\"https:\/\/www.facebook.com\/blueagle.info\/\" \/>\n<meta property=\"article:modified_time\" content=\"2020-03-26T09:52:17+00:00\" \/>\n<meta name=\"twitter:card\" content=\"summary_large_image\" \/>\n<meta name=\"twitter:label1\" content=\"Est. reading time\" \/>\n\t<meta name=\"twitter:data1\" content=\"2 minutes\" \/>\n<script type=\"application\/ld+json\" class=\"yoast-schema-graph\">{\"@context\":\"https:\\\/\\\/schema.org\",\"@graph\":[{\"@type\":\"WebPage\",\"@id\":\"https:\\\/\\\/blueagle.info\\\/fi\\\/arvo_video\\\/\",\"url\":\"https:\\\/\\\/blueagle.info\\\/fi\\\/arvo_video\\\/\",\"name\":\"Arvo_Video - BluEagle\",\"isPartOf\":{\"@id\":\"https:\\\/\\\/blueagle.info\\\/#website\"},\"datePublished\":\"2020-03-16T11:46:21+00:00\",\"dateModified\":\"2020-03-26T09:52:17+00:00\",\"breadcrumb\":{\"@id\":\"https:\\\/\\\/blueagle.info\\\/fi\\\/arvo_video\\\/#breadcrumb\"},\"inLanguage\":\"fi\",\"potentialAction\":[{\"@type\":\"ReadAction\",\"target\":[\"https:\\\/\\\/blueagle.info\\\/fi\\\/arvo_video\\\/\"]}]},{\"@type\":\"BreadcrumbList\",\"@id\":\"https:\\\/\\\/blueagle.info\\\/fi\\\/arvo_video\\\/#breadcrumb\",\"itemListElement\":[{\"@type\":\"ListItem\",\"position\":1,\"name\":\"Home\",\"item\":\"https:\\\/\\\/blueagle.info\\\/fi\\\/\"},{\"@type\":\"ListItem\",\"position\":2,\"name\":\"Arvo_Video\"}]},{\"@type\":\"WebSite\",\"@id\":\"https:\\\/\\\/blueagle.info\\\/#website\",\"url\":\"https:\\\/\\\/blueagle.info\\\/\",\"name\":\"BluEagle\",\"description\":\"Unleash your business potential\",\"publisher\":{\"@id\":\"https:\\\/\\\/blueagle.info\\\/#organization\"},\"potentialAction\":[{\"@type\":\"SearchAction\",\"target\":{\"@type\":\"EntryPoint\",\"urlTemplate\":\"https:\\\/\\\/blueagle.info\\\/?s={search_term_string}\"},\"query-input\":{\"@type\":\"PropertyValueSpecification\",\"valueRequired\":true,\"valueName\":\"search_term_string\"}}],\"inLanguage\":\"fi\"},{\"@type\":\"Organization\",\"@id\":\"https:\\\/\\\/blueagle.info\\\/#organization\",\"name\":\"BluEagle\",\"url\":\"https:\\\/\\\/blueagle.info\\\/\",\"logo\":{\"@type\":\"ImageObject\",\"inLanguage\":\"fi\",\"@id\":\"https:\\\/\\\/blueagle.info\\\/#\\\/schema\\\/logo\\\/image\\\/\",\"url\":\"http:\\\/\\\/blueagle.info\\\/wp-content\\\/uploads\\\/2020\\\/03\\\/BluEagle.png\",\"contentUrl\":\"http:\\\/\\\/blueagle.info\\\/wp-content\\\/uploads\\\/2020\\\/03\\\/BluEagle.png\",\"width\":1775,\"height\":1908,\"caption\":\"BluEagle\"},\"image\":{\"@id\":\"https:\\\/\\\/blueagle.info\\\/#\\\/schema\\\/logo\\\/image\\\/\"},\"sameAs\":[\"https:\\\/\\\/www.facebook.com\\\/blueagle.info\\\/\",\"http:\\\/\\\/www.linkedin.com\\\/in\\\/fareed-shakhatreh\",\"https:\\\/\\\/www.youtube.com\\\/channel\\\/UCws8td-aGcrGV3JIEdE2crw\\\/\"]}]}<\/script>\n<!-- \/ Yoast SEO plugin. -->","yoast_head_json":{"title":"Arvo_Video - BluEagle","robots":{"index":"index","follow":"follow","max-snippet":"max-snippet:-1","max-image-preview":"max-image-preview:large","max-video-preview":"max-video-preview:-1"},"canonical":"https:\/\/blueagle.info\/fi\/arvo_video\/","og_locale":"fi_FI","og_type":"article","og_title":"Arvo_Video - BluEagle","og_description":"Katso koko videoni nyt tai varaa tapaaminen alla olevasta linkist\u00e4Varaa strategiatapaaminen kalenteristaNyt, kun olet katsonut koko yll\u00e4 olevan videon ja sinusta tuntuu, ett\u00e4 olet valmis ottamaan seuraavan askeleen ja siirtym\u00e4\u00e4n nopeasti eteenp\u00e4in yritystoiminnassasi, varaa aika kalenterista\u00a0klikkaamalla alla olevaa linkki\u00e4 niin katsotaan, kuinka voin auttaa yrityst\u00e4si\u00a0","og_url":"https:\/\/blueagle.info\/fi\/arvo_video\/","og_site_name":"BluEagle","article_publisher":"https:\/\/www.facebook.com\/blueagle.info\/","article_modified_time":"2020-03-26T09:52:17+00:00","twitter_card":"summary_large_image","twitter_misc":{"Est. reading time":"2 minutes"},"schema":{"@context":"https:\/\/schema.org","@graph":[{"@type":"WebPage","@id":"https:\/\/blueagle.info\/fi\/arvo_video\/","url":"https:\/\/blueagle.info\/fi\/arvo_video\/","name":"Arvo_Video - BluEagle","isPartOf":{"@id":"https:\/\/blueagle.info\/#website"},"datePublished":"2020-03-16T11:46:21+00:00","dateModified":"2020-03-26T09:52:17+00:00","breadcrumb":{"@id":"https:\/\/blueagle.info\/fi\/arvo_video\/#breadcrumb"},"inLanguage":"fi","potentialAction":[{"@type":"ReadAction","target":["https:\/\/blueagle.info\/fi\/arvo_video\/"]}]},{"@type":"BreadcrumbList","@id":"https:\/\/blueagle.info\/fi\/arvo_video\/#breadcrumb","itemListElement":[{"@type":"ListItem","position":1,"name":"Home","item":"https:\/\/blueagle.info\/fi\/"},{"@type":"ListItem","position":2,"name":"Arvo_Video"}]},{"@type":"WebSite","@id":"https:\/\/blueagle.info\/#website","url":"https:\/\/blueagle.info\/","name":"BluEagle","description":"Unleash your business potential","publisher":{"@id":"https:\/\/blueagle.info\/#organization"},"potentialAction":[{"@type":"SearchAction","target":{"@type":"EntryPoint","urlTemplate":"https:\/\/blueagle.info\/?s={search_term_string}"},"query-input":{"@type":"PropertyValueSpecification","valueRequired":true,"valueName":"search_term_string"}}],"inLanguage":"fi"},{"@type":"Organization","@id":"https:\/\/blueagle.info\/#organization","name":"BluEagle","url":"https:\/\/blueagle.info\/","logo":{"@type":"ImageObject","inLanguage":"fi","@id":"https:\/\/blueagle.info\/#\/schema\/logo\/image\/","url":"http:\/\/blueagle.info\/wp-content\/uploads\/2020\/03\/BluEagle.png","contentUrl":"http:\/\/blueagle.info\/wp-content\/uploads\/2020\/03\/BluEagle.png","width":1775,"height":1908,"caption":"BluEagle"},"image":{"@id":"https:\/\/blueagle.info\/#\/schema\/logo\/image\/"},"sameAs":["https:\/\/www.facebook.com\/blueagle.info\/","http:\/\/www.linkedin.com\/in\/fareed-shakhatreh","https:\/\/www.youtube.com\/channel\/UCws8td-aGcrGV3JIEdE2crw\/"]}]}},"_links":{"self":[{"href":"https:\/\/blueagle.info\/fi\/wp-json\/wp\/v2\/pages\/8977","targetHints":{"allow":["GET"]}}],"collection":[{"href":"https:\/\/blueagle.info\/fi\/wp-json\/wp\/v2\/pages"}],"about":[{"href":"https:\/\/blueagle.info\/fi\/wp-json\/wp\/v2\/types\/page"}],"author":[{"embeddable":true,"href":"https:\/\/blueagle.info\/fi\/wp-json\/wp\/v2\/users\/2"}],"replies":[{"embeddable":true,"href":"https:\/\/blueagle.info\/fi\/wp-json\/wp\/v2\/comments?post=8977"}],"version-history":[{"count":0,"href":"https:\/\/blueagle.info\/fi\/wp-json\/wp\/v2\/pages\/8977\/revisions"}],"wp:attachment":[{"href":"https:\/\/blueagle.info\/fi\/wp-json\/wp\/v2\/media?parent=8977"}],"curies":[{"name":"wp","href":"https:\/\/api.w.org\/{rel}","templated":true}]}}