{"id":3883,"date":"2019-12-28T06:40:38","date_gmt":"2019-12-28T06:40:38","guid":{"rendered":"http:\/\/blueagle.info\/?page_id=3883"},"modified":"2020-03-25T22:03:39","modified_gmt":"2020-03-25T20:03:39","slug":"videot","status":"publish","type":"page","link":"https:\/\/blueagle.info\/fi\/videot\/","title":{"rendered":"Videot"},"content":{"rendered":"<p>[et_pb_section fb_built=&#8221;1&#8243; fullwidth=&#8221;on&#8221; _builder_version=&#8221;4.0.9&#8243; background_image=&#8221;http:\/\/blueagle.info\/wp-content\/uploads\/2019\/12\/fantasy-2995326_1920.jpg&#8221;][et_pb_fullwidth_header title=&#8221;Videot&#8221; text_orientation=&#8221;center&#8221; _builder_version=&#8221;4.0.9&#8243; title_font=&#8221;|||on|||||&#8221; title_font_size=&#8221;40px&#8221; title_letter_spacing=&#8221;1px&#8221; title_line_height=&#8221;1.2em&#8221; background_color=&#8221;rgba(0,0,0,0.1)&#8221; custom_padding=&#8221;13vh||13vh||true|false&#8221; custom_padding_tablet=&#8221;8vh||8vh||true|false&#8221; custom_padding_phone=&#8221;6vh||6vh||true|false&#8221; custom_padding_last_edited=&#8221;on|phone&#8221; title_font_size_tablet=&#8221;30px&#8221; title_font_size_phone=&#8221;24px&#8221; title_font_size_last_edited=&#8221;on|phone&#8221;][\/et_pb_fullwidth_header][\/et_pb_section][et_pb_section fb_built=&#8221;1&#8243; _builder_version=&#8221;4.0.9&#8243; locked=&#8221;off&#8221;][et_pb_row column_structure=&#8221;1_2,1_2&#8243; _builder_version=&#8221;4.0.9&#8243;][et_pb_column type=&#8221;1_2&#8243; _builder_version=&#8221;4.0.9&#8243;][et_pb_code _builder_version=&#8221;4.4.0&#8243;]<iframe width=\"560\" height=\"315\" src=\"https:\/\/www.youtube.com\/embed\/hOZi-2k3GAI\" frameborder=\"0\" allow=\"accelerometer; autoplay; encrypted-media; gyroscope; picture-in-picture\" allowfullscreen><\/iframe>[\/et_pb_code][\/et_pb_column][et_pb_column type=&#8221;1_2&#8243; _builder_version=&#8221;4.0.9&#8243;][et_pb_code _builder_version=&#8221;4.4.0&#8243;]<iframe width=\"560\" height=\"315\" src=\"https:\/\/www.youtube.com\/embed\/K9vdkG5cG3w\" frameborder=\"0\" allow=\"accelerometer; autoplay; encrypted-media; gyroscope; picture-in-picture\" allowfullscreen><\/iframe>[\/et_pb_code][\/et_pb_column][\/et_pb_row][et_pb_row column_structure=&#8221;1_2,1_2&#8243; _builder_version=&#8221;4.0.9&#8243;][et_pb_column type=&#8221;1_2&#8243; _builder_version=&#8221;4.0.9&#8243;][et_pb_code _builder_version=&#8221;4.4.0&#8243;]<iframe width=\"560\" height=\"315\" src=\"https:\/\/www.youtube.com\/embed\/mzEe28PG8UE\" frameborder=\"0\" allow=\"accelerometer; autoplay; encrypted-media; gyroscope; picture-in-picture\" allowfullscreen><\/iframe>[\/et_pb_code][\/et_pb_column][et_pb_column type=&#8221;1_2&#8243; _builder_version=&#8221;4.0.9&#8243;][et_pb_code _builder_version=&#8221;4.4.0&#8243;]<iframe width=\"560\" height=\"315\" src=\"https:\/\/www.youtube.com\/embed\/ue-OeTS9PIE\" frameborder=\"0\" allow=\"accelerometer; autoplay; encrypted-media; gyroscope; picture-in-picture\" allowfullscreen><\/iframe>[\/et_pb_code][\/et_pb_column][\/et_pb_row][et_pb_row column_structure=&#8221;1_2,1_2&#8243; _builder_version=&#8221;4.0.9&#8243;][et_pb_column type=&#8221;1_2&#8243; _builder_version=&#8221;4.0.9&#8243;][et_pb_code _builder_version=&#8221;4.4.0&#8243;]<iframe width=\"560\" height=\"315\" src=\"https:\/\/www.youtube.com\/embed\/TUozB6DoVug\" frameborder=\"0\" allow=\"accelerometer; autoplay; encrypted-media; gyroscope; picture-in-picture\" allowfullscreen><\/iframe>[\/et_pb_code][\/et_pb_column][et_pb_column type=&#8221;1_2&#8243; _builder_version=&#8221;4.0.9&#8243;][et_pb_code _builder_version=&#8221;4.4.0&#8243;]<iframe width=\"560\" height=\"315\" src=\"https:\/\/www.youtube.com\/embed\/J3ihWLVJ9rk\" frameborder=\"0\" allow=\"accelerometer; autoplay; encrypted-media; gyroscope; picture-in-picture\" allowfullscreen><\/iframe>[\/et_pb_code][\/et_pb_column][\/et_pb_row][\/et_pb_section][et_pb_section fb_built=&#8221;1&#8243; module_class=&#8221;blueOverlay&#8221; _builder_version=&#8221;4.0.7&#8243; background_color_gradient_direction=&#8221;90deg&#8221; background_image=&#8221;http:\/\/blueagle.info\/wp-content\/uploads\/2019\/12\/v44-oshine-08.jpg&#8221; parallax=&#8221;on&#8221; parallax_method=&#8221;off&#8221; saved_tabs=&#8221;all&#8221; global_module=&#8221;8837&#8243;][et_pb_row column_structure=&#8221;2_3,1_3&#8243; _builder_version=&#8221;4.0.2&#8243;][et_pb_column type=&#8221;2_3&#8243; _builder_version=&#8221;4.0.2&#8243;][et_pb_text _builder_version=&#8221;4.3.4&#8243; header_font=&#8221;Georgia|||on|||||&#8221; header_font_size=&#8221;40px&#8221; header_letter_spacing=&#8221;1px&#8221; header_line_height=&#8221;1.2em&#8221; background_layout=&#8221;dark&#8221; header_font_size_tablet=&#8221;30px&#8221; header_font_size_phone=&#8221;20px&#8221; header_font_size_last_edited=&#8221;on|phone&#8221; text_orientation_tablet=&#8221;center&#8221; text_orientation_phone=&#8221;&#8221; text_orientation_last_edited=&#8221;on|tablet&#8221;]<\/p>\n<h1>Haluaisitko aloittaa yhteisty\u00f6n kanssamme?<\/h1>\n<p>[\/et_pb_text][\/et_pb_column][et_pb_column type=&#8221;1_3&#8243; _builder_version=&#8221;4.0.2&#8243;][et_pb_button button_url=&#8221;http:\/\/blueagle.info\/book_meeting\/&#8221; button_text=&#8221;Tarjouspyynt\u00f6&#8221; button_alignment=&#8221;center&#8221; _builder_version=&#8221;4.4.0&#8243; custom_button=&#8221;on&#8221; button_text_size=&#8221;20px&#8221; button_text_color=&#8221;#ffffff&#8221; button_border_width=&#8221;1px&#8221; button_border_radius=&#8221;2px&#8221; button_letter_spacing=&#8221;1px&#8221; button_font=&#8221;Georgia|||on|||||&#8221; button_icon=&#8221;%%3%%&#8221; custom_margin=&#8221;24px||||false|false&#8221; custom_padding=&#8221;12px|4vh|12px|4vh|true|true&#8221; button_border_color_last_edited=&#8221;off|desktop&#8221; button_text_color__hover_enabled=&#8221;on|hover&#8221; button_text_color__hover=&#8221;#0053a0&#8243; button_bg_color__hover_enabled=&#8221;on|hover&#8221; button_bg_color__hover=&#8221;#ffffff&#8221; button_bg_enable_color__hover=&#8221;on&#8221; button_border_color__hover_enabled=&#8221;on|hover&#8221; button_border_color__hover=&#8221;#ffffff&#8221;][\/et_pb_button][\/et_pb_column][\/et_pb_row][\/et_pb_section]<\/p>\n<span class=\"et_bloom_bottom_trigger\"><\/span>","protected":false},"excerpt":{"rendered":"<p>Haluaisitko aloittaa yhteisty\u00f6n kanssamme?<\/p>\n","protected":false},"author":2,"featured_media":0,"parent":0,"menu_order":0,"comment_status":"closed","ping_status":"closed","template":"","meta":{"_et_pb_use_builder":"on","_et_pb_old_content":"","_et_gb_content_width":"","_monsterinsights_skip_tracking":false,"_monsterinsights_sitenote_active":false,"_monsterinsights_sitenote_note":"","_monsterinsights_sitenote_category":0,"footnotes":""},"class_list":["post-3883","page","type-page","status-publish","hentry"],"yoast_head":"<!-- This site is optimized with the Yoast SEO plugin v27.3 - https:\/\/yoast.com\/product\/yoast-seo-wordpress\/ -->\n<title>Videot | Menestyv\u00e4 yrityskonsultointi ja markkinointi | BluEagle<\/title>\n<meta name=\"description\" content=\"Voit tarkistaa Fareed Shakhatrehin videot yritystoiminnasta. Katso n\u00e4m\u00e4 videot saadaksesi lis\u00e4tietoja konsulttipalvelun noususta.\" \/>\n<meta name=\"robots\" content=\"index, follow, max-snippet:-1, max-image-preview:large, max-video-preview:-1\" \/>\n<link rel=\"canonical\" href=\"https:\/\/blueagle.info\/fi\/videot\/\" \/>\n<meta property=\"og:locale\" content=\"fi_FI\" \/>\n<meta property=\"og:type\" content=\"article\" \/>\n<meta property=\"og:title\" content=\"Videot | Menestyv\u00e4 yrityskonsultointi ja markkinointi | BluEagle\" \/>\n<meta property=\"og:description\" content=\"Voit tarkistaa Fareed Shakhatrehin videot yritystoiminnasta. Katso n\u00e4m\u00e4 videot saadaksesi lis\u00e4tietoja konsulttipalvelun noususta.\" \/>\n<meta property=\"og:url\" content=\"https:\/\/blueagle.info\/fi\/videot\/\" \/>\n<meta property=\"og:site_name\" content=\"BluEagle\" \/>\n<meta property=\"article:publisher\" content=\"https:\/\/www.facebook.com\/blueagle.info\/\" \/>\n<meta property=\"article:modified_time\" content=\"2020-03-25T20:03:39+00:00\" \/>\n<meta name=\"twitter:card\" content=\"summary_large_image\" \/>\n<meta name=\"twitter:label1\" content=\"Est. reading time\" \/>\n\t<meta name=\"twitter:data1\" content=\"2 minutes\" \/>\n<script type=\"application\/ld+json\" class=\"yoast-schema-graph\">{\"@context\":\"https:\\\/\\\/schema.org\",\"@graph\":[{\"@type\":\"WebPage\",\"@id\":\"https:\\\/\\\/blueagle.info\\\/fi\\\/videot\\\/\",\"url\":\"https:\\\/\\\/blueagle.info\\\/fi\\\/videot\\\/\",\"name\":\"Videot | Menestyv\u00e4 yrityskonsultointi ja markkinointi | BluEagle\",\"isPartOf\":{\"@id\":\"https:\\\/\\\/blueagle.info\\\/#website\"},\"datePublished\":\"2019-12-28T06:40:38+00:00\",\"dateModified\":\"2020-03-25T20:03:39+00:00\",\"description\":\"Voit tarkistaa Fareed Shakhatrehin videot yritystoiminnasta. Katso n\u00e4m\u00e4 videot saadaksesi lis\u00e4tietoja konsulttipalvelun noususta.\",\"breadcrumb\":{\"@id\":\"https:\\\/\\\/blueagle.info\\\/fi\\\/videot\\\/#breadcrumb\"},\"inLanguage\":\"fi\",\"potentialAction\":[{\"@type\":\"ReadAction\",\"target\":[\"https:\\\/\\\/blueagle.info\\\/fi\\\/videot\\\/\"]}]},{\"@type\":\"BreadcrumbList\",\"@id\":\"https:\\\/\\\/blueagle.info\\\/fi\\\/videot\\\/#breadcrumb\",\"itemListElement\":[{\"@type\":\"ListItem\",\"position\":1,\"name\":\"Home\",\"item\":\"https:\\\/\\\/blueagle.info\\\/fi\\\/\"},{\"@type\":\"ListItem\",\"position\":2,\"name\":\"Videot\"}]},{\"@type\":\"WebSite\",\"@id\":\"https:\\\/\\\/blueagle.info\\\/#website\",\"url\":\"https:\\\/\\\/blueagle.info\\\/\",\"name\":\"BluEagle\",\"description\":\"Unleash your business potential\",\"publisher\":{\"@id\":\"https:\\\/\\\/blueagle.info\\\/#organization\"},\"potentialAction\":[{\"@type\":\"SearchAction\",\"target\":{\"@type\":\"EntryPoint\",\"urlTemplate\":\"https:\\\/\\\/blueagle.info\\\/?s={search_term_string}\"},\"query-input\":{\"@type\":\"PropertyValueSpecification\",\"valueRequired\":true,\"valueName\":\"search_term_string\"}}],\"inLanguage\":\"fi\"},{\"@type\":\"Organization\",\"@id\":\"https:\\\/\\\/blueagle.info\\\/#organization\",\"name\":\"BluEagle\",\"url\":\"https:\\\/\\\/blueagle.info\\\/\",\"logo\":{\"@type\":\"ImageObject\",\"inLanguage\":\"fi\",\"@id\":\"https:\\\/\\\/blueagle.info\\\/#\\\/schema\\\/logo\\\/image\\\/\",\"url\":\"http:\\\/\\\/blueagle.info\\\/wp-content\\\/uploads\\\/2020\\\/03\\\/BluEagle.png\",\"contentUrl\":\"http:\\\/\\\/blueagle.info\\\/wp-content\\\/uploads\\\/2020\\\/03\\\/BluEagle.png\",\"width\":1775,\"height\":1908,\"caption\":\"BluEagle\"},\"image\":{\"@id\":\"https:\\\/\\\/blueagle.info\\\/#\\\/schema\\\/logo\\\/image\\\/\"},\"sameAs\":[\"https:\\\/\\\/www.facebook.com\\\/blueagle.info\\\/\",\"http:\\\/\\\/www.linkedin.com\\\/in\\\/fareed-shakhatreh\",\"https:\\\/\\\/www.youtube.com\\\/channel\\\/UCws8td-aGcrGV3JIEdE2crw\\\/\"]}]}<\/script>\n<!-- \/ Yoast SEO plugin. -->","yoast_head_json":{"title":"Videot | Menestyv\u00e4 yrityskonsultointi ja markkinointi | BluEagle","description":"Voit tarkistaa Fareed Shakhatrehin videot yritystoiminnasta. Katso n\u00e4m\u00e4 videot saadaksesi lis\u00e4tietoja konsulttipalvelun noususta.","robots":{"index":"index","follow":"follow","max-snippet":"max-snippet:-1","max-image-preview":"max-image-preview:large","max-video-preview":"max-video-preview:-1"},"canonical":"https:\/\/blueagle.info\/fi\/videot\/","og_locale":"fi_FI","og_type":"article","og_title":"Videot | Menestyv\u00e4 yrityskonsultointi ja markkinointi | BluEagle","og_description":"Voit tarkistaa Fareed Shakhatrehin videot yritystoiminnasta. Katso n\u00e4m\u00e4 videot saadaksesi lis\u00e4tietoja konsulttipalvelun noususta.","og_url":"https:\/\/blueagle.info\/fi\/videot\/","og_site_name":"BluEagle","article_publisher":"https:\/\/www.facebook.com\/blueagle.info\/","article_modified_time":"2020-03-25T20:03:39+00:00","twitter_card":"summary_large_image","twitter_misc":{"Est. reading time":"2 minutes"},"schema":{"@context":"https:\/\/schema.org","@graph":[{"@type":"WebPage","@id":"https:\/\/blueagle.info\/fi\/videot\/","url":"https:\/\/blueagle.info\/fi\/videot\/","name":"Videot | Menestyv\u00e4 yrityskonsultointi ja markkinointi | BluEagle","isPartOf":{"@id":"https:\/\/blueagle.info\/#website"},"datePublished":"2019-12-28T06:40:38+00:00","dateModified":"2020-03-25T20:03:39+00:00","description":"Voit tarkistaa Fareed Shakhatrehin videot yritystoiminnasta. Katso n\u00e4m\u00e4 videot saadaksesi lis\u00e4tietoja konsulttipalvelun noususta.","breadcrumb":{"@id":"https:\/\/blueagle.info\/fi\/videot\/#breadcrumb"},"inLanguage":"fi","potentialAction":[{"@type":"ReadAction","target":["https:\/\/blueagle.info\/fi\/videot\/"]}]},{"@type":"BreadcrumbList","@id":"https:\/\/blueagle.info\/fi\/videot\/#breadcrumb","itemListElement":[{"@type":"ListItem","position":1,"name":"Home","item":"https:\/\/blueagle.info\/fi\/"},{"@type":"ListItem","position":2,"name":"Videot"}]},{"@type":"WebSite","@id":"https:\/\/blueagle.info\/#website","url":"https:\/\/blueagle.info\/","name":"BluEagle","description":"Unleash your business potential","publisher":{"@id":"https:\/\/blueagle.info\/#organization"},"potentialAction":[{"@type":"SearchAction","target":{"@type":"EntryPoint","urlTemplate":"https:\/\/blueagle.info\/?s={search_term_string}"},"query-input":{"@type":"PropertyValueSpecification","valueRequired":true,"valueName":"search_term_string"}}],"inLanguage":"fi"},{"@type":"Organization","@id":"https:\/\/blueagle.info\/#organization","name":"BluEagle","url":"https:\/\/blueagle.info\/","logo":{"@type":"ImageObject","inLanguage":"fi","@id":"https:\/\/blueagle.info\/#\/schema\/logo\/image\/","url":"http:\/\/blueagle.info\/wp-content\/uploads\/2020\/03\/BluEagle.png","contentUrl":"http:\/\/blueagle.info\/wp-content\/uploads\/2020\/03\/BluEagle.png","width":1775,"height":1908,"caption":"BluEagle"},"image":{"@id":"https:\/\/blueagle.info\/#\/schema\/logo\/image\/"},"sameAs":["https:\/\/www.facebook.com\/blueagle.info\/","http:\/\/www.linkedin.com\/in\/fareed-shakhatreh","https:\/\/www.youtube.com\/channel\/UCws8td-aGcrGV3JIEdE2crw\/"]}]}},"_links":{"self":[{"href":"https:\/\/blueagle.info\/fi\/wp-json\/wp\/v2\/pages\/3883","targetHints":{"allow":["GET"]}}],"collection":[{"href":"https:\/\/blueagle.info\/fi\/wp-json\/wp\/v2\/pages"}],"about":[{"href":"https:\/\/blueagle.info\/fi\/wp-json\/wp\/v2\/types\/page"}],"author":[{"embeddable":true,"href":"https:\/\/blueagle.info\/fi\/wp-json\/wp\/v2\/users\/2"}],"replies":[{"embeddable":true,"href":"https:\/\/blueagle.info\/fi\/wp-json\/wp\/v2\/comments?post=3883"}],"version-history":[{"count":0,"href":"https:\/\/blueagle.info\/fi\/wp-json\/wp\/v2\/pages\/3883\/revisions"}],"wp:attachment":[{"href":"https:\/\/blueagle.info\/fi\/wp-json\/wp\/v2\/media?parent=3883"}],"curies":[{"name":"wp","href":"https:\/\/api.w.org\/{rel}","templated":true}]}}