{"id":3586,"date":"2019-12-19T15:37:59","date_gmt":"2019-12-19T15:37:59","guid":{"rendered":"http:\/\/blueagle.info\/?page_id=3586"},"modified":"2020-03-25T22:38:21","modified_gmt":"2020-03-25T20:38:21","slug":"blogi","status":"publish","type":"page","link":"https:\/\/blueagle.info\/fi\/blogi\/","title":{"rendered":"blogi"},"content":{"rendered":"<p>[et_pb_section fb_built=&#8221;1&#8243; fullwidth=&#8221;on&#8221; _builder_version=&#8221;4.0.7&#8243; background_image=&#8221;http:\/\/blueagle.info\/wp-content\/uploads\/2019\/12\/road-1303617_1920-1.jpg&#8221; height=&#8221;500px&#8221; height_tablet=&#8221;350px&#8221; height_phone=&#8221;250px&#8221; height_last_edited=&#8221;on|desktop&#8221; custom_css_before=&#8221;content:%22%22;||display: block;||height: 100%;||position: absolute;||top: 0;||left: 0;||width: 100%;||background-color:#000;||opacity:.2&#8243; custom_css_main_element=&#8221;display:flex;||justify-content:center;||align-items:center&#8221;][et_pb_fullwidth_header title=&#8221;Blogi&#8221; text_orientation=&#8221;center&#8221; _builder_version=&#8221;4.3.2&#8243; title_font=&#8221;Georgia|600||on|||||&#8221; title_font_size=&#8221;40px&#8221; title_letter_spacing=&#8221;1px&#8221; title_line_height=&#8221;1.2em&#8221; background_enable_color=&#8221;off&#8221; width=&#8221;100%&#8221; custom_padding_tablet=&#8221;8vh||8vh||true|false&#8221; custom_padding_phone=&#8221;6vh||6vh||true|false&#8221; custom_padding_last_edited=&#8221;off|desktop&#8221; title_font_size_tablet=&#8221;30px&#8221; title_font_size_phone=&#8221;24px&#8221; title_font_size_last_edited=&#8221;on|phone&#8221;][\/et_pb_fullwidth_header][\/et_pb_section][et_pb_section fb_built=&#8221;1&#8243; _builder_version=&#8221;4.0.2&#8243; locked=&#8221;off&#8221;][et_pb_row _builder_version=&#8221;4.0.7&#8243;][et_pb_column type=&#8221;4_4&#8243; _builder_version=&#8221;4.0.7&#8243;][et_pb_blog fullwidth=&#8221;off&#8221; include_categories=&#8221;51&#8243; excerpt_length=&#8221;180&#8243; show_more=&#8221;on&#8221; _builder_version=&#8221;4.4.0&#8243; header_font=&#8221;Georgia|600|||||||&#8221; header_font_size=&#8221;20px&#8221; header_line_height=&#8221;1.4em&#8221; body_font=&#8221;Georgia||||||||&#8221; body_font_size=&#8221;16px&#8221; body_line_height=&#8221;1.6em&#8221; meta_text_color=&#8221;#b7b7b7&#8243; meta_font_size=&#8221;16px&#8221; meta_line_height=&#8221;1.6em&#8221; read_more_font=&#8221;Georgia|600|||||||&#8221; body_font_size_tablet=&#8221;15px&#8221; body_font_size_phone=&#8221;14px&#8221; body_font_size_last_edited=&#8221;on|desktop&#8221; meta_font_size_tablet=&#8221;15px&#8221; meta_font_size_phone=&#8221;14px&#8221; meta_font_size_last_edited=&#8221;on|desktop&#8221; border_width_all=&#8221;0px&#8221; box_shadow_style=&#8221;preset1&#8243; box_shadow_blur=&#8221;58px&#8221; box_shadow_spread=&#8221;-34px&#8221;][\/et_pb_blog][\/et_pb_column][\/et_pb_row][\/et_pb_section][et_pb_section fb_built=&#8221;1&#8243; module_class=&#8221;blueOverlay&#8221; _builder_version=&#8221;4.0.7&#8243; background_color_gradient_direction=&#8221;90deg&#8221; background_image=&#8221;http:\/\/blueagle.info\/wp-content\/uploads\/2019\/12\/v44-oshine-08.jpg&#8221; parallax=&#8221;on&#8221; parallax_method=&#8221;off&#8221; saved_tabs=&#8221;all&#8221;][et_pb_row column_structure=&#8221;2_3,1_3&#8243; _builder_version=&#8221;4.0.2&#8243;][et_pb_column type=&#8221;2_3&#8243; _builder_version=&#8221;4.0.2&#8243;][et_pb_text _builder_version=&#8221;4.3.4&#8243; header_font=&#8221;Georgia|||on|||||&#8221; header_font_size=&#8221;40px&#8221; header_letter_spacing=&#8221;1px&#8221; header_line_height=&#8221;1.2em&#8221; background_layout=&#8221;dark&#8221; header_font_size_tablet=&#8221;30px&#8221; header_font_size_phone=&#8221;20px&#8221; header_font_size_last_edited=&#8221;on|phone&#8221; text_orientation_tablet=&#8221;center&#8221; text_orientation_phone=&#8221;&#8221; text_orientation_last_edited=&#8221;on|tablet&#8221;]<\/p>\n<h1>Haluaisitko aloittaa yhteisty\u00f6n kanssamme?<\/h1>\n<p>[\/et_pb_text][\/et_pb_column][et_pb_column type=&#8221;1_3&#8243; _builder_version=&#8221;4.0.2&#8243;][et_pb_button button_url=&#8221;http:\/\/blueagle.info\/fi\/varaa_aika\/&#8221; button_text=&#8221;Tarjouspyynt\u00f6&#8221; button_alignment=&#8221;center&#8221; _builder_version=&#8221;4.4.0&#8243; custom_button=&#8221;on&#8221; button_text_size=&#8221;20px&#8221; button_text_color=&#8221;#ffffff&#8221; button_border_width=&#8221;1px&#8221; button_border_radius=&#8221;2px&#8221; button_letter_spacing=&#8221;1px&#8221; button_font=&#8221;Georgia|||on|||||&#8221; button_icon=&#8221;%%3%%&#8221; custom_margin=&#8221;24px||||false|false&#8221; custom_padding=&#8221;12px|4vh|12px|4vh|true|true&#8221; hover_enabled=&#8221;0&#8243; button_border_color_last_edited=&#8221;off|desktop&#8221; button_text_color__hover_enabled=&#8221;on|hover&#8221; button_text_color__hover=&#8221;#0053a0&#8243; button_bg_color__hover_enabled=&#8221;on|hover&#8221; button_bg_color__hover=&#8221;#ffffff&#8221; button_bg_enable_color__hover=&#8221;on&#8221; button_border_color__hover_enabled=&#8221;on|hover&#8221; button_border_color__hover=&#8221;#ffffff&#8221;][\/et_pb_button][\/et_pb_column][\/et_pb_row][\/et_pb_section]<\/p>\n<span class=\"et_bloom_bottom_trigger\"><\/span>","protected":false},"excerpt":{"rendered":"<p>Haluaisitko aloittaa yhteisty\u00f6n kanssamme?<\/p>\n","protected":false},"author":2,"featured_media":0,"parent":0,"menu_order":0,"comment_status":"closed","ping_status":"closed","template":"","meta":{"_et_pb_use_builder":"on","_et_pb_old_content":"","_et_gb_content_width":"","_monsterinsights_skip_tracking":false,"_monsterinsights_sitenote_active":false,"_monsterinsights_sitenote_note":"","_monsterinsights_sitenote_category":0,"footnotes":""},"class_list":["post-3586","page","type-page","status-publish","hentry"],"yoast_head":"<!-- This site is optimized with the Yoast SEO plugin v27.3 - https:\/\/yoast.com\/product\/yoast-seo-wordpress\/ -->\n<title>Blogi | Blueagle - vapauta yrityksesi potentiaali L\u00e4hi-it\u00e4<\/title>\n<meta name=\"description\" content=\"Vieraile blogissamme ja tied\u00e4 miksi tarvitset digitaalista markkinointia ja br\u00e4nd\u00e4yst\u00e4 uudelle yrityksellesi. Rakennamme luottamusta ja kest\u00e4v\u00e4\u00e4 suhdetta.\" \/>\n<meta name=\"robots\" content=\"index, follow, max-snippet:-1, max-image-preview:large, max-video-preview:-1\" \/>\n<link rel=\"canonical\" href=\"https:\/\/blueagle.info\/fi\/blogi\/\" \/>\n<meta property=\"og:locale\" content=\"fi_FI\" \/>\n<meta property=\"og:type\" content=\"article\" \/>\n<meta property=\"og:title\" content=\"Blogi | Blueagle - vapauta yrityksesi potentiaali L\u00e4hi-it\u00e4\" \/>\n<meta property=\"og:description\" content=\"Vieraile blogissamme ja tied\u00e4 miksi tarvitset digitaalista markkinointia ja br\u00e4nd\u00e4yst\u00e4 uudelle yrityksellesi. Rakennamme luottamusta ja kest\u00e4v\u00e4\u00e4 suhdetta.\" \/>\n<meta property=\"og:url\" content=\"https:\/\/blueagle.info\/fi\/blogi\/\" \/>\n<meta property=\"og:site_name\" content=\"BluEagle\" \/>\n<meta property=\"article:publisher\" content=\"https:\/\/www.facebook.com\/blueagle.info\/\" \/>\n<meta property=\"article:modified_time\" content=\"2020-03-25T20:38:21+00:00\" \/>\n<meta name=\"twitter:card\" content=\"summary_large_image\" \/>\n<meta name=\"twitter:label1\" content=\"Est. reading time\" \/>\n\t<meta name=\"twitter:data1\" content=\"3 minutes\" \/>\n<script type=\"application\/ld+json\" class=\"yoast-schema-graph\">{\"@context\":\"https:\\\/\\\/schema.org\",\"@graph\":[{\"@type\":\"WebPage\",\"@id\":\"https:\\\/\\\/blueagle.info\\\/fi\\\/blogi\\\/\",\"url\":\"https:\\\/\\\/blueagle.info\\\/fi\\\/blogi\\\/\",\"name\":\"Blogi | Blueagle - vapauta yrityksesi potentiaali L\u00e4hi-it\u00e4\",\"isPartOf\":{\"@id\":\"https:\\\/\\\/blueagle.info\\\/#website\"},\"datePublished\":\"2019-12-19T15:37:59+00:00\",\"dateModified\":\"2020-03-25T20:38:21+00:00\",\"description\":\"Vieraile blogissamme ja tied\u00e4 miksi tarvitset digitaalista markkinointia ja br\u00e4nd\u00e4yst\u00e4 uudelle yrityksellesi. Rakennamme luottamusta ja kest\u00e4v\u00e4\u00e4 suhdetta.\",\"breadcrumb\":{\"@id\":\"https:\\\/\\\/blueagle.info\\\/fi\\\/blogi\\\/#breadcrumb\"},\"inLanguage\":\"fi\",\"potentialAction\":[{\"@type\":\"ReadAction\",\"target\":[\"https:\\\/\\\/blueagle.info\\\/fi\\\/blogi\\\/\"]}]},{\"@type\":\"BreadcrumbList\",\"@id\":\"https:\\\/\\\/blueagle.info\\\/fi\\\/blogi\\\/#breadcrumb\",\"itemListElement\":[{\"@type\":\"ListItem\",\"position\":1,\"name\":\"Home\",\"item\":\"https:\\\/\\\/blueagle.info\\\/fi\\\/\"},{\"@type\":\"ListItem\",\"position\":2,\"name\":\"blogi\"}]},{\"@type\":\"WebSite\",\"@id\":\"https:\\\/\\\/blueagle.info\\\/#website\",\"url\":\"https:\\\/\\\/blueagle.info\\\/\",\"name\":\"BluEagle\",\"description\":\"Unleash your business potential\",\"publisher\":{\"@id\":\"https:\\\/\\\/blueagle.info\\\/#organization\"},\"potentialAction\":[{\"@type\":\"SearchAction\",\"target\":{\"@type\":\"EntryPoint\",\"urlTemplate\":\"https:\\\/\\\/blueagle.info\\\/?s={search_term_string}\"},\"query-input\":{\"@type\":\"PropertyValueSpecification\",\"valueRequired\":true,\"valueName\":\"search_term_string\"}}],\"inLanguage\":\"fi\"},{\"@type\":\"Organization\",\"@id\":\"https:\\\/\\\/blueagle.info\\\/#organization\",\"name\":\"BluEagle\",\"url\":\"https:\\\/\\\/blueagle.info\\\/\",\"logo\":{\"@type\":\"ImageObject\",\"inLanguage\":\"fi\",\"@id\":\"https:\\\/\\\/blueagle.info\\\/#\\\/schema\\\/logo\\\/image\\\/\",\"url\":\"http:\\\/\\\/blueagle.info\\\/wp-content\\\/uploads\\\/2020\\\/03\\\/BluEagle.png\",\"contentUrl\":\"http:\\\/\\\/blueagle.info\\\/wp-content\\\/uploads\\\/2020\\\/03\\\/BluEagle.png\",\"width\":1775,\"height\":1908,\"caption\":\"BluEagle\"},\"image\":{\"@id\":\"https:\\\/\\\/blueagle.info\\\/#\\\/schema\\\/logo\\\/image\\\/\"},\"sameAs\":[\"https:\\\/\\\/www.facebook.com\\\/blueagle.info\\\/\",\"http:\\\/\\\/www.linkedin.com\\\/in\\\/fareed-shakhatreh\",\"https:\\\/\\\/www.youtube.com\\\/channel\\\/UCws8td-aGcrGV3JIEdE2crw\\\/\"]}]}<\/script>\n<!-- \/ Yoast SEO plugin. -->","yoast_head_json":{"title":"Blogi | Blueagle - vapauta yrityksesi potentiaali L\u00e4hi-it\u00e4","description":"Vieraile blogissamme ja tied\u00e4 miksi tarvitset digitaalista markkinointia ja br\u00e4nd\u00e4yst\u00e4 uudelle yrityksellesi. Rakennamme luottamusta ja kest\u00e4v\u00e4\u00e4 suhdetta.","robots":{"index":"index","follow":"follow","max-snippet":"max-snippet:-1","max-image-preview":"max-image-preview:large","max-video-preview":"max-video-preview:-1"},"canonical":"https:\/\/blueagle.info\/fi\/blogi\/","og_locale":"fi_FI","og_type":"article","og_title":"Blogi | Blueagle - vapauta yrityksesi potentiaali L\u00e4hi-it\u00e4","og_description":"Vieraile blogissamme ja tied\u00e4 miksi tarvitset digitaalista markkinointia ja br\u00e4nd\u00e4yst\u00e4 uudelle yrityksellesi. Rakennamme luottamusta ja kest\u00e4v\u00e4\u00e4 suhdetta.","og_url":"https:\/\/blueagle.info\/fi\/blogi\/","og_site_name":"BluEagle","article_publisher":"https:\/\/www.facebook.com\/blueagle.info\/","article_modified_time":"2020-03-25T20:38:21+00:00","twitter_card":"summary_large_image","twitter_misc":{"Est. reading time":"3 minutes"},"schema":{"@context":"https:\/\/schema.org","@graph":[{"@type":"WebPage","@id":"https:\/\/blueagle.info\/fi\/blogi\/","url":"https:\/\/blueagle.info\/fi\/blogi\/","name":"Blogi | Blueagle - vapauta yrityksesi potentiaali L\u00e4hi-it\u00e4","isPartOf":{"@id":"https:\/\/blueagle.info\/#website"},"datePublished":"2019-12-19T15:37:59+00:00","dateModified":"2020-03-25T20:38:21+00:00","description":"Vieraile blogissamme ja tied\u00e4 miksi tarvitset digitaalista markkinointia ja br\u00e4nd\u00e4yst\u00e4 uudelle yrityksellesi. Rakennamme luottamusta ja kest\u00e4v\u00e4\u00e4 suhdetta.","breadcrumb":{"@id":"https:\/\/blueagle.info\/fi\/blogi\/#breadcrumb"},"inLanguage":"fi","potentialAction":[{"@type":"ReadAction","target":["https:\/\/blueagle.info\/fi\/blogi\/"]}]},{"@type":"BreadcrumbList","@id":"https:\/\/blueagle.info\/fi\/blogi\/#breadcrumb","itemListElement":[{"@type":"ListItem","position":1,"name":"Home","item":"https:\/\/blueagle.info\/fi\/"},{"@type":"ListItem","position":2,"name":"blogi"}]},{"@type":"WebSite","@id":"https:\/\/blueagle.info\/#website","url":"https:\/\/blueagle.info\/","name":"BluEagle","description":"Unleash your business potential","publisher":{"@id":"https:\/\/blueagle.info\/#organization"},"potentialAction":[{"@type":"SearchAction","target":{"@type":"EntryPoint","urlTemplate":"https:\/\/blueagle.info\/?s={search_term_string}"},"query-input":{"@type":"PropertyValueSpecification","valueRequired":true,"valueName":"search_term_string"}}],"inLanguage":"fi"},{"@type":"Organization","@id":"https:\/\/blueagle.info\/#organization","name":"BluEagle","url":"https:\/\/blueagle.info\/","logo":{"@type":"ImageObject","inLanguage":"fi","@id":"https:\/\/blueagle.info\/#\/schema\/logo\/image\/","url":"http:\/\/blueagle.info\/wp-content\/uploads\/2020\/03\/BluEagle.png","contentUrl":"http:\/\/blueagle.info\/wp-content\/uploads\/2020\/03\/BluEagle.png","width":1775,"height":1908,"caption":"BluEagle"},"image":{"@id":"https:\/\/blueagle.info\/#\/schema\/logo\/image\/"},"sameAs":["https:\/\/www.facebook.com\/blueagle.info\/","http:\/\/www.linkedin.com\/in\/fareed-shakhatreh","https:\/\/www.youtube.com\/channel\/UCws8td-aGcrGV3JIEdE2crw\/"]}]}},"_links":{"self":[{"href":"https:\/\/blueagle.info\/fi\/wp-json\/wp\/v2\/pages\/3586","targetHints":{"allow":["GET"]}}],"collection":[{"href":"https:\/\/blueagle.info\/fi\/wp-json\/wp\/v2\/pages"}],"about":[{"href":"https:\/\/blueagle.info\/fi\/wp-json\/wp\/v2\/types\/page"}],"author":[{"embeddable":true,"href":"https:\/\/blueagle.info\/fi\/wp-json\/wp\/v2\/users\/2"}],"replies":[{"embeddable":true,"href":"https:\/\/blueagle.info\/fi\/wp-json\/wp\/v2\/comments?post=3586"}],"version-history":[{"count":0,"href":"https:\/\/blueagle.info\/fi\/wp-json\/wp\/v2\/pages\/3586\/revisions"}],"wp:attachment":[{"href":"https:\/\/blueagle.info\/fi\/wp-json\/wp\/v2\/media?parent=3586"}],"curies":[{"name":"wp","href":"https:\/\/api.w.org\/{rel}","templated":true}]}}