{"id":3582,"date":"2019-12-19T15:36:32","date_gmt":"2019-12-19T15:36:32","guid":{"rendered":"http:\/\/blueagle.info\/?page_id=3582"},"modified":"2020-04-27T10:08:25","modified_gmt":"2020-04-27T07:08:25","slug":"tietoa-meista","status":"publish","type":"page","link":"https:\/\/blueagle.info\/fi\/tietoa-meista\/","title":{"rendered":"Tietoa Meist\u00e4"},"content":{"rendered":"<p>[et_pb_section fb_built=&#8221;1&#8243; fullwidth=&#8221;on&#8221; _builder_version=&#8221;4.4.3&#8243; background_image=&#8221;http:\/\/blueagle.info\/wp-content\/uploads\/2020\/02\/BluEagle.info-Digital-Marketing-Consultant.jpg&#8221; height=&#8221;500px&#8221; height_tablet=&#8221;350px&#8221; height_phone=&#8221;250px&#8221; height_last_edited=&#8221;on|desktop&#8221; hover_enabled=&#8221;0&#8243; custom_css_before=&#8221;content:%22%22;||display: block;||height: 100%;||position: absolute;||top: 0;||left: 0;||width: 100%;||background-color:#000;||opacity:.2&#8243; custom_css_main_element=&#8221;display:flex;||justify-content:center;||align-items:center&#8221;][et_pb_fullwidth_header title=&#8221;MEIST\u00c4&#8221; text_orientation=&#8221;center&#8221; _builder_version=&#8221;4.3.2&#8243; title_font=&#8221;Georgia|600||on|||||&#8221; title_font_size=&#8221;40px&#8221; title_letter_spacing=&#8221;1px&#8221; title_line_height=&#8221;1.2em&#8221; background_enable_color=&#8221;off&#8221; width=&#8221;100%&#8221; custom_padding_tablet=&#8221;8vh||8vh||true|false&#8221; custom_padding_phone=&#8221;6vh||6vh||true|false&#8221; custom_padding_last_edited=&#8221;off|desktop&#8221; title_font_size_tablet=&#8221;30px&#8221; title_font_size_phone=&#8221;24px&#8221; title_font_size_last_edited=&#8221;on|phone&#8221;][\/et_pb_fullwidth_header][\/et_pb_section][et_pb_section fb_built=&#8221;1&#8243; _builder_version=&#8221;4.0.3&#8243;][et_pb_row _builder_version=&#8221;4.0.2&#8243;][et_pb_column type=&#8221;4_4&#8243; _builder_version=&#8221;4.0.2&#8243;][et_pb_text _builder_version=&#8221;4.3.2&#8243; header_font=&#8221;Georgia|600||on|||||&#8221; header_font_size=&#8221;38px&#8221; header_letter_spacing=&#8221;1px&#8221; header_line_height=&#8221;1.2em&#8221; text_orientation=&#8221;center&#8221; max_width=&#8221;800px&#8221; module_alignment=&#8221;center&#8221; header_font_size_tablet=&#8221;30px&#8221; header_font_size_phone=&#8221;24px&#8221; header_font_size_last_edited=&#8221;on|desktop&#8221;]<\/p>\n<h1>Tervetuloa <span class=\"font_light itlaic\">BluEagle <\/span>tiimiin<\/h1>\n<p>[\/et_pb_text][et_pb_divider divider_weight=&#8221;0px&#8221; _builder_version=&#8221;4.0.7&#8243; use_background_color_gradient=&#8221;on&#8221; background_color_gradient_start=&#8221;#0087ff&#8221; background_color_gradient_end=&#8221;rgba(0,135,255,0.08)&#8221; background_color_gradient_direction=&#8221;94deg&#8221; max_width=&#8221;200px&#8221; module_alignment=&#8221;center&#8221; min_height=&#8221;10px&#8221; height=&#8221;10px&#8221;][\/et_pb_divider][et_pb_text _builder_version=&#8221;4.3.2&#8243; text_font=&#8221;Georgia||||||||&#8221; text_font_size=&#8221;20px&#8221; text_line_height=&#8221;1.6em&#8221; header_2_font=&#8221;|||on|||||&#8221; header_2_font_size=&#8221;30px&#8221; header_2_line_height=&#8221;1.4em&#8221; text_orientation=&#8221;center&#8221; text_font_size_tablet=&#8221;16px&#8221; text_font_size_phone=&#8221;15px&#8221; text_font_size_last_edited=&#8221;on|desktop&#8221; locked=&#8221;off&#8221;]<\/p>\n<p style=\"text-align: center;\">Meid\u00e4n konsultointi- ja markkinointiyrityksemme keskittyy p\u00e4\u00e4asiassa pohjoismaisiin teollisuusruokayrityksiin, jotka tarvitsevat apua liiketoiminnassaan L\u00e4hi-Id\u00e4ss\u00e4. Toimimme p\u00e4\u00e4asiassa Saudi Arabiassa, Yhdistyneiss\u00e4 Arabiemiirikunnissa, Kuwaitissa, Qatarissa, Omanissa, Egyptiss\u00e4 ja Jordaniassa.<\/p>\n<p>[\/et_pb_text][\/et_pb_column][\/et_pb_row][et_pb_row column_structure=&#8221;1_2,1_2&#8243; use_custom_gutter=&#8221;on&#8221; gutter_width=&#8221;1&#8243; make_equal=&#8221;on&#8221; module_class=&#8221;mob_rev_col&#8221; _builder_version=&#8221;4.3.2&#8243;][et_pb_column type=&#8221;1_2&#8243; _builder_version=&#8221;4.0.3&#8243; background_color=&#8221;#f4f4f4&#8243; custom_padding=&#8221;12vh|6vh|12vh|6vh|true|true&#8221; custom_padding_tablet=&#8221;5vh|5vh|5vh|5vh|true|true&#8221; custom_padding_phone=&#8221;&#8221; custom_padding_last_edited=&#8221;on|tablet&#8221;][et_pb_text _builder_version=&#8221;4.3.2&#8243; text_font=&#8221;Georgia||||||||&#8221; text_font_size=&#8221;18px&#8221; text_line_height=&#8221;1.6em&#8221; header_font=&#8221;Georgia||||||||&#8221; header_2_font=&#8221;Georgia|600||on|||||&#8221; header_2_text_align=&#8221;center&#8221; header_2_font_size=&#8221;30px&#8221; header_2_line_height=&#8221;1.4em&#8221; text_orientation=&#8221;justified&#8221; text_font_size_tablet=&#8221;16px&#8221; text_font_size_phone=&#8221;15px&#8221; text_font_size_last_edited=&#8221;on|desktop&#8221;]<\/p>\n<h2>Kuinka voimme auttaa sinua?<\/h2>\n<ul>\n<li>Liiketoiminnan kehitt\u00e4minen<\/li>\n<li>Tehdassuunnittelu.<\/li>\n<li>wordpress -verkkosivujen suunnittelua<\/li>\n<li>Verkkosivujen k\u00e4\u00e4nt\u00e4minen.<\/li>\n<li>Markkinointistrategia.<\/li>\n<li>Branding.<\/li>\n<li>Sosiaalinen media.<\/li>\n<li>SEO hakukoneoptimointia.<\/li>\n<li>Markkinoinnin automatisointia.<\/li>\n<li>Digitaalisen markkinoinnin konsultointia.<\/li>\n<\/ul>\n<p>[\/et_pb_text][et_pb_button button_url=&#8221;\/fi\/palvelut\/&#8221; button_text=&#8221;Lue lis\u00e4\u00e4 palveluistamme&#8221; button_alignment=&#8221;left&#8221; _builder_version=&#8221;4.3.2&#8243; custom_button=&#8221;on&#8221; button_text_size=&#8221;14px&#8221; button_text_color=&#8221;#ffffff&#8221; button_bg_color=&#8221;#0087ff&#8221; button_border_width=&#8221;1px&#8221; button_border_color=&#8221;#0087ff&#8221; button_border_radius=&#8221;45px&#8221; button_letter_spacing=&#8221;1px&#8221; button_font=&#8221;Georgia|600||on|||||&#8221; button_icon=&#8221;%%3%%&#8221; custom_margin=&#8221;24px||||false|false&#8221; custom_padding=&#8221;6px|3vh|6px|3vh|true|true&#8221; button_border_color_last_edited=&#8221;off|desktop&#8221; locked=&#8221;off&#8221; button_text_color__hover=&#8221;#ffffff&#8221; button_text_color__hover_enabled=&#8221;on|desktop&#8221; button_bg_color__hover=&#8221;#0053a0&#8243; button_bg_color__hover_enabled=&#8221;on|hover&#8221; button_border_color__hover=&#8221;#0053a0&#8243; button_border_color__hover_enabled=&#8221;on|hover&#8221; button_bg_enable_color__hover=&#8221;on&#8221;][\/et_pb_button][\/et_pb_column][et_pb_column type=&#8221;1_2&#8243; _builder_version=&#8221;4.3.2&#8243; background_image=&#8221;http:\/\/blueagle.info\/wp-content\/uploads\/2020\/02\/BluEagle.info-Marketing-Strategy.jpg&#8221;][et_pb_divider color=&#8221;rgba(0,83,160,0)&#8221; _builder_version=&#8221;4.0.3&#8243; custom_margin_tablet=&#8221;16vh||16vh||true|false&#8221; custom_margin_phone=&#8221;10vh||10vh||true|false&#8221; custom_margin_last_edited=&#8221;on|desktop&#8221;][\/et_pb_divider][\/et_pb_column][\/et_pb_row][\/et_pb_section][et_pb_section fb_built=&#8221;1&#8243; module_class=&#8221;darkOverlay&#8221; _builder_version=&#8221;4.0.7&#8243; background_image=&#8221;http:\/\/blueagle.info\/wp-content\/uploads\/2019\/12\/v44-oshine-06.jpg&#8221; parallax=&#8221;on&#8221; parallax_method=&#8221;off&#8221; custom_padding=&#8221;10vh||10vh||true|false&#8221;][et_pb_row _builder_version=&#8221;4.0.3&#8243;][et_pb_column type=&#8221;4_4&#8243; _builder_version=&#8221;4.0.3&#8243;][et_pb_text _builder_version=&#8221;4.3.2&#8243; text_font=&#8221;Georgia||||||||&#8221; header_font=&#8221;Georgia|600||on|||||&#8221; header_font_size=&#8221;38px&#8221; header_letter_spacing=&#8221;1px&#8221; header_line_height=&#8221;1.2em&#8221; text_orientation=&#8221;center&#8221; background_layout=&#8221;dark&#8221; max_width=&#8221;800px&#8221; module_alignment=&#8221;center&#8221; header_font_size_tablet=&#8221;30px&#8221; header_font_size_phone=&#8221;24px&#8221; header_font_size_last_edited=&#8221;on|desktop&#8221; locked=&#8221;off&#8221;]<\/p>\n<h1>visio<\/h1>\n<p>[\/et_pb_text][\/et_pb_column][\/et_pb_row][\/et_pb_section][et_pb_section fb_built=&#8221;1&#8243; _builder_version=&#8221;4.0.9&#8243;][et_pb_row _builder_version=&#8221;4.0.9&#8243;][et_pb_column type=&#8221;4_4&#8243; _builder_version=&#8221;4.0.9&#8243;][et_pb_text _builder_version=&#8221;4.3.2&#8243; text_font=&#8221;Georgia||||||||&#8221; text_font_size=&#8221;18px&#8221; text_line_height=&#8221;1.6em&#8221; header_font=&#8221;Georgia||||||||&#8221; header_2_font=&#8221;Georgia|600||on|||||&#8221; header_2_font_size=&#8221;30px&#8221; header_2_line_height=&#8221;1.4em&#8221; text_orientation=&#8221;center&#8221; text_font_size_tablet=&#8221;16px&#8221; text_font_size_phone=&#8221;15px&#8221; text_font_size_last_edited=&#8221;on|desktop&#8221; locked=&#8221;off&#8221;]<\/p>\n<h2>VISIO<\/h2>\n<p style=\"text-align: justify;\">Meille merkitsee paljon liiketoiminnan menestyminen L\u00e4hi-Id\u00e4ss\u00e4. Teemme sit\u00e4, koska nautimme siit\u00e4. Haluamme jakaa asiakkaillemme salaisuutemme, tiet\u00e4myst\u00e4mme ja yhteis\u00f6mme. Haluamme kasvattaa kansainv\u00e4list\u00e4 kotkien yhteis\u00f6\u00e4mme, jolla ei ole rajoituksia tavoitteissaan ja unelmissaan. Olemme ainoa yritys, joka tarjoaa ainutlaatuista palvelua yhdistettyn\u00e4 \u201dout of box\u201d ajatteluun. Suurin voimavaramme ovat kontaktit ja tiet\u00e4mys. Asiakkaat hakevat mahdollisuuksia liiketoiminnalleen, mutta eiv\u00e4t etene yhteis\u00f6mme takia. Kanssamme opit ja kasvat joka p\u00e4iv\u00e4. Ty\u00f6skentely kanssamme ei ole vaikeaa, se on hauskaa. Se on suuri oppimisk\u00e4yr\u00e4. Kanssamme l\u00f6yd\u00e4t t\u00e4ysin uuden maailman. Tulet kysym\u00e4\u00e4n itselt\u00e4si joka p\u00e4iv\u00e4, miksei kukaan yritt\u00e4nyt sit\u00e4 aikaisemmin. Kerromme totuuden emmek\u00e4 huijaa sinua koskaan. Kohtelemme asiakkaitamme rakkaudella ja kunnioituksella. Tykk\u00e4\u00e4mme kommunikoida ja jakaa ideoita. Kuuntelemme ja yrit\u00e4mme ymm\u00e4rt\u00e4\u00e4. Annamme palautteemme suoraan, me kasvamme kaikki yhdess\u00e4. Meill\u00e4 on selke\u00e4t unelmat ja n\u00e4kemys yhdistettyn\u00e4 vahvaan strategiaan ja missioon. Visiomme 2021 on saada Pohjoismaiden suurin yhteis\u00f6 ja foorumi harjoittamaan liiketoimintaa ja jakamaan taloutta Pohjoismaiden ja L\u00e4hi-Id\u00e4n v\u00e4lill\u00e4.<\/p>\n<p>[\/et_pb_text][\/et_pb_column][\/et_pb_row][\/et_pb_section][et_pb_section fb_built=&#8221;1&#8243; module_class=&#8221;darkOverlay&#8221; _builder_version=&#8221;4.0.7&#8243; background_image=&#8221;http:\/\/blueagle.info\/wp-content\/uploads\/2019\/12\/fantasy-2995326_1920.jpg&#8221; parallax=&#8221;on&#8221; parallax_method=&#8221;off&#8221; custom_padding=&#8221;10vh||10vh||true|false&#8221; locked=&#8221;off&#8221;][et_pb_row _builder_version=&#8221;4.3.2&#8243;][et_pb_column type=&#8221;4_4&#8243; _builder_version=&#8221;4.0.3&#8243;][et_pb_text _builder_version=&#8221;4.3.2&#8243; text_font=&#8221;Georgia||||||||&#8221; text_font_size=&#8221;20px&#8221; text_line_height=&#8221;1.6em&#8221; header_font=&#8221;Georgia||||||||&#8221; header_2_font=&#8221;Georgia|600||on|||||&#8221; header_2_font_size=&#8221;30px&#8221; header_2_line_height=&#8221;1.4em&#8221; text_orientation=&#8221;center&#8221; background_layout=&#8221;dark&#8221; text_font_size_tablet=&#8221;16px&#8221; text_font_size_phone=&#8221;15px&#8221; text_font_size_last_edited=&#8221;on|desktop&#8221; locked=&#8221;off&#8221;]<\/p>\n<h2>Miksi teemme sit\u00e4, mit\u00e4 teemme?<\/h2>\n<p>Intohimo auttaa muita menestym\u00e4\u00e4n on ydinarvomme. Haluamme rakentaa kotkien tiimin, joka uskoo, ett\u00e4 liiketoiminnalle ei ole rajoja. Jaa innostuksemme ja l\u00f6yt\u00f6mme asiakkaidemme kanssa, jotka ansaitsevat olla maailman huipulla.<\/p>\n<p>[\/et_pb_text][\/et_pb_column][\/et_pb_row][\/et_pb_section][et_pb_section fb_built=&#8221;1&#8243; _builder_version=&#8221;4.0.3&#8243;][et_pb_row column_structure=&#8221;1_3,1_3,1_3&#8243; module_class=&#8221;feature_products&#8221; _builder_version=&#8221;4.3.2&#8243; custom_padding=&#8221;||0px||false|false&#8221;][et_pb_column type=&#8221;1_3&#8243; _builder_version=&#8221;4.0.3&#8243;][et_pb_blurb title=&#8221;Keit\u00e4 me olemme&#8221; use_icon=&#8221;on&#8221; font_icon=&#8221;%%54%%&#8221; icon_placement=&#8221;left&#8221; _builder_version=&#8221;4.3.2&#8243; header_font=&#8221;Georgia|600||on|||||&#8221; header_font_size=&#8221;20px&#8221; header_line_height=&#8221;1.4em&#8221; body_font=&#8221;Georgia||||||||&#8221; body_font_size=&#8221;18px&#8221; body_line_height=&#8221;1.6em&#8221; animation=&#8221;off&#8221; header_font_size_tablet=&#8221;18px&#8221; header_font_size_phone=&#8221;16px&#8221; header_font_size_last_edited=&#8221;on|desktop&#8221; body_font_size_tablet=&#8221;16px&#8221; body_font_size_phone=&#8221;15px&#8221; body_font_size_last_edited=&#8221;on|desktop&#8221;]<\/p>\n<p style=\"text-align: justify;\">Me olemme kansainv\u00e4linen kansainv\u00e4lisen liiketoiminnan kehitt\u00e4mis- ja markkinointitiimi. Autamme eurooppalaisia yrityksi\u00e4, joilla ei ole myynti\u00e4 avaamaan uusia markkinoita ja suunnittelemaan uusi L\u00e4hi-Id\u00e4n kulttuuriin ja tapoihin soveltuva markkinointistrategia.<\/p>\n<p>[\/et_pb_blurb][\/et_pb_column][et_pb_column type=&#8221;1_3&#8243; _builder_version=&#8221;4.0.3&#8243;][et_pb_blurb title=&#8221;Intohimomme&#8221; use_icon=&#8221;on&#8221; font_icon=&#8221;%%54%%&#8221; icon_placement=&#8221;left&#8221; _builder_version=&#8221;4.3.2&#8243; header_font=&#8221;Georgia|600||on|||||&#8221; header_font_size=&#8221;20px&#8221; header_line_height=&#8221;1.4em&#8221; body_font=&#8221;Georgia||||||||&#8221; body_font_size=&#8221;18px&#8221; body_line_height=&#8221;1.6em&#8221; animation=&#8221;off&#8221; header_font_size_tablet=&#8221;18px&#8221; header_font_size_phone=&#8221;16px&#8221; header_font_size_last_edited=&#8221;on|desktop&#8221; body_font_size_tablet=&#8221;16px&#8221; body_font_size_phone=&#8221;15px&#8221; body_font_size_last_edited=&#8221;on|desktop&#8221; locked=&#8221;off&#8221;]<\/p>\n<p style=\"text-align: justify;\">Intohimomme on kehitt\u00e4\u00e4 yhteyksi\u00e4 kaikkiin sidosryhmiin yhdess\u00e4, jotta he voivat rakentaa luottamusta ja pitk\u00e4aikaisia suhteita. Pid\u00e4mme verkostoitumisesta ja markkinoinnista. T\u00e4m\u00e4 pit\u00e4\u00e4 meid\u00e4t liikkeell\u00e4 ja vie asiat seuraavalle tasolle.<\/p>\n<p>[\/et_pb_blurb][\/et_pb_column][et_pb_column type=&#8221;1_3&#8243; _builder_version=&#8221;4.0.3&#8243;][et_pb_blurb title=&#8221;Mit\u00e4 me teemme&#8221; use_icon=&#8221;on&#8221; font_icon=&#8221;%%54%%&#8221; icon_placement=&#8221;left&#8221; _builder_version=&#8221;4.3.2&#8243; header_font=&#8221;Georgia|600||on|||||&#8221; header_font_size=&#8221;20px&#8221; header_line_height=&#8221;1.4em&#8221; body_font=&#8221;Georgia||||||||&#8221; body_font_size=&#8221;18px&#8221; body_line_height=&#8221;1.6em&#8221; animation=&#8221;off&#8221; header_font_size_tablet=&#8221;18px&#8221; header_font_size_phone=&#8221;16px&#8221; header_font_size_last_edited=&#8221;on|desktop&#8221; body_font_size_tablet=&#8221;16px&#8221; body_font_size_phone=&#8221;15px&#8221; body_font_size_last_edited=&#8221;on|desktop&#8221; locked=&#8221;off&#8221;]<\/p>\n<p style=\"text-align: justify;\">Meill\u00e4 on kontaktit, hyv\u00e4t markkinointistrategiat ja br\u00e4nd\u00e4ysmenetelm\u00e4t, joilla auttaa muita teollisuudenaloja lis\u00e4\u00e4m\u00e4\u00e4n niiden myynti\u00e4 ja br\u00e4nditietoisuutta L\u00e4hi-Id\u00e4ss\u00e4. Me tarjoamme konsultointia ja markkinointitutkimusta sek\u00e4 -suunnitelmaa.<\/p>\n<p>[\/et_pb_blurb][\/et_pb_column][\/et_pb_row][\/et_pb_section][et_pb_section fb_built=&#8221;1&#8243; module_class=&#8221;blueOverlay&#8221; _builder_version=&#8221;4.0.7&#8243; background_color_gradient_direction=&#8221;90deg&#8221; background_image=&#8221;http:\/\/blueagle.info\/wp-content\/uploads\/2019\/12\/v44-oshine-08.jpg&#8221; parallax=&#8221;on&#8221; parallax_method=&#8221;off&#8221; saved_tabs=&#8221;all&#8221;][et_pb_row column_structure=&#8221;2_3,1_3&#8243; _builder_version=&#8221;4.0.2&#8243;][et_pb_column type=&#8221;2_3&#8243; _builder_version=&#8221;4.0.2&#8243;][et_pb_text _builder_version=&#8221;4.3.4&#8243; header_font=&#8221;Georgia|||on|||||&#8221; header_font_size=&#8221;40px&#8221; header_letter_spacing=&#8221;1px&#8221; header_line_height=&#8221;1.2em&#8221; background_layout=&#8221;dark&#8221; header_font_size_tablet=&#8221;30px&#8221; header_font_size_phone=&#8221;20px&#8221; header_font_size_last_edited=&#8221;on|phone&#8221; text_orientation_tablet=&#8221;center&#8221; text_orientation_phone=&#8221;&#8221; text_orientation_last_edited=&#8221;on|tablet&#8221;]<\/p>\n<h1>Haluaisitko aloittaa yhteisty\u00f6n kanssamme?<\/h1>\n<p>[\/et_pb_text][\/et_pb_column][et_pb_column type=&#8221;1_3&#8243; _builder_version=&#8221;4.0.2&#8243;][et_pb_button button_url=&#8221;http:\/\/blueagle.info\/fi\/varaa_aika\/&#8221; button_text=&#8221;Tarjouspyynt\u00f6&#8221; button_alignment=&#8221;center&#8221; _builder_version=&#8221;4.4.0&#8243; custom_button=&#8221;on&#8221; button_text_size=&#8221;20px&#8221; button_text_color=&#8221;#ffffff&#8221; button_border_width=&#8221;1px&#8221; button_border_radius=&#8221;2px&#8221; button_letter_spacing=&#8221;1px&#8221; button_font=&#8221;Georgia|||on|||||&#8221; button_icon=&#8221;%%3%%&#8221; custom_margin=&#8221;24px||||false|false&#8221; custom_padding=&#8221;12px|4vh|12px|4vh|true|true&#8221; button_border_color_last_edited=&#8221;off|desktop&#8221; button_text_color__hover_enabled=&#8221;on|hover&#8221; button_text_color__hover=&#8221;#0053a0&#8243; button_bg_color__hover_enabled=&#8221;on|hover&#8221; button_bg_color__hover=&#8221;#ffffff&#8221; button_bg_enable_color__hover=&#8221;on&#8221; button_border_color__hover_enabled=&#8221;on|hover&#8221; button_border_color__hover=&#8221;#ffffff&#8221;][\/et_pb_button][\/et_pb_column][\/et_pb_row][\/et_pb_section]<\/p>\n<span class=\"et_bloom_bottom_trigger\"><\/span>","protected":false},"excerpt":{"rendered":"<p>Tervetuloa BluEagle tiimiinMeid\u00e4n konsultointi- ja markkinointiyrityksemme keskittyy p\u00e4\u00e4asiassa pohjoismaisiin teollisuusruokayrityksiin, jotka tarvitsevat apua liiketoiminnassaan L\u00e4hi-Id\u00e4ss\u00e4. Toimimme p\u00e4\u00e4asiassa Saudi Arabiassa, Yhdistyneiss\u00e4 Arabiemiirikunnissa, Kuwaitissa, Qatarissa, Omanissa, Egyptiss\u00e4 ja Jordaniassa.Kuinka voimme auttaa sinua? Liiketoiminnan kehitt\u00e4minen Tehdassuunnittelu. wordpress -verkkosivujen suunnittelua Verkkosivujen k\u00e4\u00e4nt\u00e4minen. Markkinointistrategia. Branding. Sosiaalinen media. SEO hakukoneoptimointia. Markkinoinnin automatisointia. Digitaalisen markkinoinnin konsultointia. visioVISIO Meille merkitsee paljon liiketoiminnan menestyminen [&hellip;]<\/p>\n","protected":false},"author":2,"featured_media":0,"parent":0,"menu_order":0,"comment_status":"closed","ping_status":"closed","template":"","meta":{"_et_pb_use_builder":"on","_et_pb_old_content":"","_et_gb_content_width":"","_monsterinsights_skip_tracking":false,"_monsterinsights_sitenote_active":false,"_monsterinsights_sitenote_note":"","_monsterinsights_sitenote_category":0,"footnotes":""},"class_list":["post-3582","page","type-page","status-publish","hentry"],"yoast_head":"<!-- This site is optimized with the Yoast SEO plugin v27.3 - https:\/\/yoast.com\/product\/yoast-seo-wordpress\/ -->\n<title>Tietoja - Blueagle Team - konsultointi- ja markkinointiyhti\u00f6<\/title>\n<meta name=\"description\" content=\"Tiet\u00e4\u00e4 - Olemme liiketoiminnan kehitt\u00e4misen ja sosiaalisen median asiantuntijoita, jotka tarjoavat t\u00e4ydellisen markkinointistrategian teollisuusruoille\" \/>\n<meta name=\"robots\" content=\"index, follow, max-snippet:-1, max-image-preview:large, max-video-preview:-1\" \/>\n<link rel=\"canonical\" href=\"https:\/\/blueagle.info\/fi\/tietoa-meista\/\" \/>\n<meta property=\"og:locale\" content=\"fi_FI\" \/>\n<meta property=\"og:type\" content=\"article\" \/>\n<meta property=\"og:title\" content=\"Tietoja - Blueagle Team - konsultointi- ja markkinointiyhti\u00f6\" \/>\n<meta property=\"og:description\" content=\"Tiet\u00e4\u00e4 - Olemme liiketoiminnan kehitt\u00e4misen ja sosiaalisen median asiantuntijoita, jotka tarjoavat t\u00e4ydellisen markkinointistrategian teollisuusruoille\" \/>\n<meta property=\"og:url\" content=\"https:\/\/blueagle.info\/fi\/tietoa-meista\/\" \/>\n<meta property=\"og:site_name\" content=\"BluEagle\" \/>\n<meta property=\"article:publisher\" content=\"https:\/\/www.facebook.com\/blueagle.info\/\" \/>\n<meta property=\"article:modified_time\" content=\"2020-04-27T07:08:25+00:00\" \/>\n<meta name=\"twitter:card\" content=\"summary_large_image\" \/>\n<meta name=\"twitter:label1\" content=\"Est. reading time\" \/>\n\t<meta name=\"twitter:data1\" content=\"9 minutes\" \/>\n<script type=\"application\/ld+json\" class=\"yoast-schema-graph\">{\"@context\":\"https:\\\/\\\/schema.org\",\"@graph\":[{\"@type\":\"WebPage\",\"@id\":\"https:\\\/\\\/blueagle.info\\\/fi\\\/tietoa-meista\\\/\",\"url\":\"https:\\\/\\\/blueagle.info\\\/fi\\\/tietoa-meista\\\/\",\"name\":\"Tietoja - Blueagle Team - konsultointi- ja markkinointiyhti\u00f6\",\"isPartOf\":{\"@id\":\"https:\\\/\\\/blueagle.info\\\/#website\"},\"datePublished\":\"2019-12-19T15:36:32+00:00\",\"dateModified\":\"2020-04-27T07:08:25+00:00\",\"description\":\"Tiet\u00e4\u00e4 - Olemme liiketoiminnan kehitt\u00e4misen ja sosiaalisen median asiantuntijoita, jotka tarjoavat t\u00e4ydellisen markkinointistrategian teollisuusruoille\",\"breadcrumb\":{\"@id\":\"https:\\\/\\\/blueagle.info\\\/fi\\\/tietoa-meista\\\/#breadcrumb\"},\"inLanguage\":\"fi\",\"potentialAction\":[{\"@type\":\"ReadAction\",\"target\":[\"https:\\\/\\\/blueagle.info\\\/fi\\\/tietoa-meista\\\/\"]}]},{\"@type\":\"BreadcrumbList\",\"@id\":\"https:\\\/\\\/blueagle.info\\\/fi\\\/tietoa-meista\\\/#breadcrumb\",\"itemListElement\":[{\"@type\":\"ListItem\",\"position\":1,\"name\":\"Home\",\"item\":\"https:\\\/\\\/blueagle.info\\\/fi\\\/\"},{\"@type\":\"ListItem\",\"position\":2,\"name\":\"Tietoa Meist\u00e4\"}]},{\"@type\":\"WebSite\",\"@id\":\"https:\\\/\\\/blueagle.info\\\/#website\",\"url\":\"https:\\\/\\\/blueagle.info\\\/\",\"name\":\"BluEagle\",\"description\":\"Unleash your business potential\",\"publisher\":{\"@id\":\"https:\\\/\\\/blueagle.info\\\/#organization\"},\"potentialAction\":[{\"@type\":\"SearchAction\",\"target\":{\"@type\":\"EntryPoint\",\"urlTemplate\":\"https:\\\/\\\/blueagle.info\\\/?s={search_term_string}\"},\"query-input\":{\"@type\":\"PropertyValueSpecification\",\"valueRequired\":true,\"valueName\":\"search_term_string\"}}],\"inLanguage\":\"fi\"},{\"@type\":\"Organization\",\"@id\":\"https:\\\/\\\/blueagle.info\\\/#organization\",\"name\":\"BluEagle\",\"url\":\"https:\\\/\\\/blueagle.info\\\/\",\"logo\":{\"@type\":\"ImageObject\",\"inLanguage\":\"fi\",\"@id\":\"https:\\\/\\\/blueagle.info\\\/#\\\/schema\\\/logo\\\/image\\\/\",\"url\":\"http:\\\/\\\/blueagle.info\\\/wp-content\\\/uploads\\\/2020\\\/03\\\/BluEagle.png\",\"contentUrl\":\"http:\\\/\\\/blueagle.info\\\/wp-content\\\/uploads\\\/2020\\\/03\\\/BluEagle.png\",\"width\":1775,\"height\":1908,\"caption\":\"BluEagle\"},\"image\":{\"@id\":\"https:\\\/\\\/blueagle.info\\\/#\\\/schema\\\/logo\\\/image\\\/\"},\"sameAs\":[\"https:\\\/\\\/www.facebook.com\\\/blueagle.info\\\/\",\"http:\\\/\\\/www.linkedin.com\\\/in\\\/fareed-shakhatreh\",\"https:\\\/\\\/www.youtube.com\\\/channel\\\/UCws8td-aGcrGV3JIEdE2crw\\\/\"]}]}<\/script>\n<!-- \/ Yoast SEO plugin. -->","yoast_head_json":{"title":"Tietoja - Blueagle Team - konsultointi- ja markkinointiyhti\u00f6","description":"Tiet\u00e4\u00e4 - Olemme liiketoiminnan kehitt\u00e4misen ja sosiaalisen median asiantuntijoita, jotka tarjoavat t\u00e4ydellisen markkinointistrategian teollisuusruoille","robots":{"index":"index","follow":"follow","max-snippet":"max-snippet:-1","max-image-preview":"max-image-preview:large","max-video-preview":"max-video-preview:-1"},"canonical":"https:\/\/blueagle.info\/fi\/tietoa-meista\/","og_locale":"fi_FI","og_type":"article","og_title":"Tietoja - Blueagle Team - konsultointi- ja markkinointiyhti\u00f6","og_description":"Tiet\u00e4\u00e4 - Olemme liiketoiminnan kehitt\u00e4misen ja sosiaalisen median asiantuntijoita, jotka tarjoavat t\u00e4ydellisen markkinointistrategian teollisuusruoille","og_url":"https:\/\/blueagle.info\/fi\/tietoa-meista\/","og_site_name":"BluEagle","article_publisher":"https:\/\/www.facebook.com\/blueagle.info\/","article_modified_time":"2020-04-27T07:08:25+00:00","twitter_card":"summary_large_image","twitter_misc":{"Est. reading time":"9 minutes"},"schema":{"@context":"https:\/\/schema.org","@graph":[{"@type":"WebPage","@id":"https:\/\/blueagle.info\/fi\/tietoa-meista\/","url":"https:\/\/blueagle.info\/fi\/tietoa-meista\/","name":"Tietoja - Blueagle Team - konsultointi- ja markkinointiyhti\u00f6","isPartOf":{"@id":"https:\/\/blueagle.info\/#website"},"datePublished":"2019-12-19T15:36:32+00:00","dateModified":"2020-04-27T07:08:25+00:00","description":"Tiet\u00e4\u00e4 - Olemme liiketoiminnan kehitt\u00e4misen ja sosiaalisen median asiantuntijoita, jotka tarjoavat t\u00e4ydellisen markkinointistrategian teollisuusruoille","breadcrumb":{"@id":"https:\/\/blueagle.info\/fi\/tietoa-meista\/#breadcrumb"},"inLanguage":"fi","potentialAction":[{"@type":"ReadAction","target":["https:\/\/blueagle.info\/fi\/tietoa-meista\/"]}]},{"@type":"BreadcrumbList","@id":"https:\/\/blueagle.info\/fi\/tietoa-meista\/#breadcrumb","itemListElement":[{"@type":"ListItem","position":1,"name":"Home","item":"https:\/\/blueagle.info\/fi\/"},{"@type":"ListItem","position":2,"name":"Tietoa Meist\u00e4"}]},{"@type":"WebSite","@id":"https:\/\/blueagle.info\/#website","url":"https:\/\/blueagle.info\/","name":"BluEagle","description":"Unleash your business potential","publisher":{"@id":"https:\/\/blueagle.info\/#organization"},"potentialAction":[{"@type":"SearchAction","target":{"@type":"EntryPoint","urlTemplate":"https:\/\/blueagle.info\/?s={search_term_string}"},"query-input":{"@type":"PropertyValueSpecification","valueRequired":true,"valueName":"search_term_string"}}],"inLanguage":"fi"},{"@type":"Organization","@id":"https:\/\/blueagle.info\/#organization","name":"BluEagle","url":"https:\/\/blueagle.info\/","logo":{"@type":"ImageObject","inLanguage":"fi","@id":"https:\/\/blueagle.info\/#\/schema\/logo\/image\/","url":"http:\/\/blueagle.info\/wp-content\/uploads\/2020\/03\/BluEagle.png","contentUrl":"http:\/\/blueagle.info\/wp-content\/uploads\/2020\/03\/BluEagle.png","width":1775,"height":1908,"caption":"BluEagle"},"image":{"@id":"https:\/\/blueagle.info\/#\/schema\/logo\/image\/"},"sameAs":["https:\/\/www.facebook.com\/blueagle.info\/","http:\/\/www.linkedin.com\/in\/fareed-shakhatreh","https:\/\/www.youtube.com\/channel\/UCws8td-aGcrGV3JIEdE2crw\/"]}]}},"_links":{"self":[{"href":"https:\/\/blueagle.info\/fi\/wp-json\/wp\/v2\/pages\/3582","targetHints":{"allow":["GET"]}}],"collection":[{"href":"https:\/\/blueagle.info\/fi\/wp-json\/wp\/v2\/pages"}],"about":[{"href":"https:\/\/blueagle.info\/fi\/wp-json\/wp\/v2\/types\/page"}],"author":[{"embeddable":true,"href":"https:\/\/blueagle.info\/fi\/wp-json\/wp\/v2\/users\/2"}],"replies":[{"embeddable":true,"href":"https:\/\/blueagle.info\/fi\/wp-json\/wp\/v2\/comments?post=3582"}],"version-history":[{"count":1,"href":"https:\/\/blueagle.info\/fi\/wp-json\/wp\/v2\/pages\/3582\/revisions"}],"predecessor-version":[{"id":9722,"href":"https:\/\/blueagle.info\/fi\/wp-json\/wp\/v2\/pages\/3582\/revisions\/9722"}],"wp:attachment":[{"href":"https:\/\/blueagle.info\/fi\/wp-json\/wp\/v2\/media?parent=3582"}],"curies":[{"name":"wp","href":"https:\/\/api.w.org\/{rel}","templated":true}]}}